{"id":1740,"date":"2021-05-05T20:04:06","date_gmt":"2021-05-05T18:04:06","guid":{"rendered":"https:\/\/www.kerb-wembach-hahn.de\/?page_id=1740"},"modified":"2021-06-16T23:18:06","modified_gmt":"2021-06-16T21:18:06","slug":"wembach-heehner-sturzbier-wettkampf-2021","status":"publish","type":"page","link":"https:\/\/www.kerb-wembach-hahn.de\/?page_id=1740","title":{"rendered":"Sturzbiermeisterschaft"},"content":{"rendered":"\n<p>Willkommen bei den Wembach-Heehnern Sturzbier-Meisterschaften 2021! Im Zuge unseres Livestreams am Samstag Abend den 12. Juni, fordern wir euch heraus unsere Zeit zu schlagen. Das Spiel ist einfach: Ihr ext 0,5 Liter Bier, macht davon ein Video und schickt es uns \u00fcber das untere Formular. <\/p>\n\n\n\n<p>Die Zeit startet wenn das Glas ber\u00fchrt wird und endet wenn das leere Glas abgestellt wird. Nat\u00fcrlich soll kein Bier versch\u00fcttet werden&#8230; Wer verschwendet denn auch Bier?!<\/p>\n\n\n\n<p>Bitte achtet darauf, dass die Videos nicht zu lang werden, da sonst die Dateigr\u00f6\u00dfe \u00fcberschritten werden k\u00f6nnte.<\/p>\n\n\n\n<h4 class=\"wp-block-heading\">Gewinne, Gewinne, Gewinne!<\/h4>\n\n\n\n<p>Bei der n\u00e4chsten Wembach-Heehner Zeltkerb gibt es&#8230;<\/p>\n\n\n\n<p class=\"has-text-align-left\">\u2003<strong>\u2003Platz 1<\/strong> &#8211; 50 Euro Getr\u00e4nke-Gutschein<\/p>\n\n\n\n<p class=\"has-text-align-left\">\u2003\u2003<strong>Platz 2<\/strong> &#8211; 30 Euro Getr\u00e4nke-Gutschein<\/p>\n\n\n\n<p class=\"has-text-align-left\">\u2003\u2003<strong>Platz 3<\/strong> &#8211; 15 Euro Getr\u00e4nke-Gutschein<\/p>\n\n\n\n<div style=\"height:83px\" aria-hidden=\"true\" class=\"wp-block-spacer\"><\/div>\n\n\n\n<div class=\"wp-block-image is-style-default\"><figure class=\"aligncenter size-large is-resized\"><img loading=\"lazy\" decoding=\"async\" src=\"https:\/\/www.kerb-wembach-hahn.de\/wp-content\/uploads\/2021\/06\/logo_large-1024x208.png\" alt=\"\" class=\"wp-image-1880\" width=\"563\" height=\"114\" srcset=\"https:\/\/www.kerb-wembach-hahn.de\/wp-content\/uploads\/2021\/06\/logo_large-1024x208.png 1024w, https:\/\/www.kerb-wembach-hahn.de\/wp-content\/uploads\/2021\/06\/logo_large-300x61.png 300w, https:\/\/www.kerb-wembach-hahn.de\/wp-content\/uploads\/2021\/06\/logo_large-768x156.png 768w, https:\/\/www.kerb-wembach-hahn.de\/wp-content\/uploads\/2021\/06\/logo_large-676x137.png 676w, https:\/\/www.kerb-wembach-hahn.de\/wp-content\/uploads\/2021\/06\/logo_large.png 1500w\" sizes=\"auto, (max-width: 563px) 100vw, 563px\" \/><\/figure><\/div>\n\n\n\n<h4 class=\"wp-block-heading\">Spielregeln<\/h4>\n\n\n\n<ol class=\"wp-block-list\"><li>Es werden 0.5 Liter Bier aus einem Bierglas\/Bierkrug geext<\/li><li>Es sind keine Hilfsmittel (Trichter, \u2026) erlaubt<\/li><li>Zum Videostart ist das Bier bereits eingef\u00fcllt, es sind keine H\u00e4nde am Bierglas\/Bierkrug<\/li><li>Die Zeit beginnt wenn das Bierglas\/der Bierkrug ber\u00fchrt wird und endet wenn das leere Glas\/der leere Krug abgestellt wird<\/li><li>Das Bier soll in den Kopf, nicht aufs T-Shirt oder auf den Boden<\/li><\/ol>\n\n\n\n<div class=\"wp-block-contact-form-7-contact-form-selector\">[contact-form-7 id=&#8220;1739&#8243; title=&#8220;Sturzbier Wettkampf&#8220;]<\/div>\n","protected":false},"excerpt":{"rendered":"<p>Willkommen bei den Wembach-Heehnern Sturzbier-Meisterschaften 2021! Im Zuge unseres Livestreams am Samstag Abend den 12. Juni, fordern wir euch heraus unsere Zeit zu schlagen. Das Spiel ist einfach: Ihr ext 0,5 Liter Bier, macht davon ein Video und schickt es uns \u00fcber das untere Formular. Die Zeit startet wenn das Glas ber\u00fchrt wird und endet [&hellip;]<\/p>\n","protected":false},"author":5,"featured_media":0,"parent":0,"menu_order":0,"comment_status":"closed","ping_status":"closed","template":"","meta":{"footnotes":""},"class_list":["post-1740","page","type-page","status-publish","hentry","post-preview"],"_links":{"self":[{"href":"https:\/\/www.kerb-wembach-hahn.de\/index.php?rest_route=\/wp\/v2\/pages\/1740","targetHints":{"allow":["GET"]}}],"collection":[{"href":"https:\/\/www.kerb-wembach-hahn.de\/index.php?rest_route=\/wp\/v2\/pages"}],"about":[{"href":"https:\/\/www.kerb-wembach-hahn.de\/index.php?rest_route=\/wp\/v2\/types\/page"}],"author":[{"embeddable":true,"href":"https:\/\/www.kerb-wembach-hahn.de\/index.php?rest_route=\/wp\/v2\/users\/5"}],"replies":[{"embeddable":true,"href":"https:\/\/www.kerb-wembach-hahn.de\/index.php?rest_route=%2Fwp%2Fv2%2Fcomments&post=1740"}],"version-history":[{"count":16,"href":"https:\/\/www.kerb-wembach-hahn.de\/index.php?rest_route=\/wp\/v2\/pages\/1740\/revisions"}],"predecessor-version":[{"id":2046,"href":"https:\/\/www.kerb-wembach-hahn.de\/index.php?rest_route=\/wp\/v2\/pages\/1740\/revisions\/2046"}],"wp:attachment":[{"href":"https:\/\/www.kerb-wembach-hahn.de\/index.php?rest_route=%2Fwp%2Fv2%2Fmedia&parent=1740"}],"curies":[{"name":"wp","href":"https:\/\/api.w.org\/{rel}","templated":true}]}}