{"id":2112,"date":"2022-04-21T21:33:57","date_gmt":"2022-04-21T19:33:57","guid":{"rendered":"https:\/\/www.kerb-wembach-hahn.de\/?page_id=2112"},"modified":"2022-06-10T16:47:53","modified_gmt":"2022-06-10T14:47:53","slug":"kerb-2022","status":"publish","type":"page","link":"https:\/\/www.kerb-wembach-hahn.de\/?page_id=2112","title":{"rendered":"Kerb 2022"},"content":{"rendered":"<p>Versprochen ist versprochen. Dieses Jahr, vom 10. bis 12 Juni, wird bei uns wieder im Zelt gefeiert. Nichts mehr digital. Mit klassischem Programm und in gewohnter Umgebung soll es dieses Jahr wieder so weit sein.<\/p>\n<p>Auch wenn es anders geplant war, verz\u00f6gert sich leider der Bau des <a href=\"https:\/\/www.youtube.com\/watch?v=yWAuSLGrdBU\">Kerbhauses<\/a> um wohl noch einige Jahre. Doch keine Angst, es wird kommen. Bestimmt.<\/p>\n<p style=\"text-align: left;\"><a href=\"https:\/\/www.kerb-wembach-hahn.de\/?attachment_id=2130\" rel=\"attachment wp-att-2130\"><img loading=\"lazy\" decoding=\"async\" class=\"alignright wp-image-2130\" src=\"https:\/\/www.kerb-wembach-hahn.de\/wp-content\/uploads\/2022\/05\/plakat-723x1024.jpeg\" alt=\"\" width=\"318\" height=\"450\" srcset=\"https:\/\/www.kerb-wembach-hahn.de\/wp-content\/uploads\/2022\/05\/plakat-723x1024.jpeg 723w, https:\/\/www.kerb-wembach-hahn.de\/wp-content\/uploads\/2022\/05\/plakat-212x300.jpeg 212w, https:\/\/www.kerb-wembach-hahn.de\/wp-content\/uploads\/2022\/05\/plakat-768x1088.jpeg 768w, https:\/\/www.kerb-wembach-hahn.de\/wp-content\/uploads\/2022\/05\/plakat-676x958.jpeg 676w, https:\/\/www.kerb-wembach-hahn.de\/wp-content\/uploads\/2022\/05\/plakat.jpeg 838w\" sizes=\"auto, (max-width: 318px) 100vw, 318px\" \/><\/a>Das Motto dieses Jahr soll viel mehr werden als nur ein Motto. Es ist ein Ziel, ja gar ein Versprechen: <strong>Wir schie\u00dfen euch in die geilste Galaxie<\/strong>.<\/p>\n<p>Kerb-Freitag und Kerb-Samstag feiern wir mit Euch bei uns im Kerbzelt. Sonntags laden wir euch morgens zu unserem Gottesdienst im Kerbzelt sowie zu unserem Kerbumzug mit anschlie\u00dfender Kerbredd ein. Solltet ihr noch keine <strong>Einladung zum Kerbumzug<\/strong> erhalten haben, k\u00f6nnt ihr euch gerne unter info@kerb-wembach-hahn.de melden.<\/p>\n<h3 class=\"cxmmr5t8 oygrvhab hcukyx3x c1et5uql o9v6fnle\"><strong>Programm<\/strong><\/h3>\n<div class=\"cxmmr5t8 oygrvhab hcukyx3x c1et5uql o9v6fnle\"><strong>Freitag (10.06)<\/strong><br \/>19:00 Uhr Einl\u00e4uten der Kerb in den Stra\u00dfen von Wembach-Hahn <br \/>20:30 Uhr Traditioneller Bieranstich<br \/>anschl. KERBZELTPARTY mit \u201eIvan und die Galaxyband\u201c, \u201eDJ Grimbo Finest Party Beats\u201c sowie einem exklusiven \u00dcberraschungsgast.<\/div>\n<div>\u00a0<\/div>\n<div class=\"cxmmr5t8 oygrvhab hcukyx3x c1et5uql o9v6fnle\"><strong>Samstag (11.06)<\/strong><br \/>15:00 Uhr Kerb Caf\u00e9 f\u00fcr Alt und Jung <br \/>20:30 Uhr Bunter Abend der Kerweborsch und Kerwem\u00e4dsche<br \/>anschl. Disco-Party mit Stefan Kr\u00fcger<\/div>\n<div>\u00a0<\/div>\n<div class=\"cxmmr5t8 oygrvhab hcukyx3x c1et5uql o9v6fnle\"><strong>Sonntag (12.06)<\/strong><br \/>11:00 Uhr Kerbgottesdienst im Festzelt<br \/>anschl. gemeinsames Mittagessen <br \/>14:00 Uhr Kerbumzug<br \/>15:00 Uhr Kerweredd<br \/>anschl. Stimmung, Musik und Tanz mit Stefan Kr\u00fcger<\/div>\n\n\n<figure class=\"wp-block-gallery has-nested-images columns-2 is-cropped wp-block-gallery-1 is-layout-flex wp-block-gallery-is-layout-flex\">\n<figure class=\"wp-block-image size-large\"><a href=\"https:\/\/www.kerb-wembach-hahn.de\/wp-content\/uploads\/2022\/06\/buehne-1.jpeg\"><img loading=\"lazy\" decoding=\"async\" width=\"1024\" height=\"771\" data-id=\"2201\" src=\"https:\/\/www.kerb-wembach-hahn.de\/wp-content\/uploads\/2022\/06\/buehne-1-1024x771.jpeg\" alt=\"\" class=\"wp-image-2201\" srcset=\"https:\/\/www.kerb-wembach-hahn.de\/wp-content\/uploads\/2022\/06\/buehne-1-1024x771.jpeg 1024w, https:\/\/www.kerb-wembach-hahn.de\/wp-content\/uploads\/2022\/06\/buehne-1-300x226.jpeg 300w, https:\/\/www.kerb-wembach-hahn.de\/wp-content\/uploads\/2022\/06\/buehne-1-768x578.jpeg 768w, https:\/\/www.kerb-wembach-hahn.de\/wp-content\/uploads\/2022\/06\/buehne-1-1536x1157.jpeg 1536w, https:\/\/www.kerb-wembach-hahn.de\/wp-content\/uploads\/2022\/06\/buehne-1-676x509.jpeg 676w, https:\/\/www.kerb-wembach-hahn.de\/wp-content\/uploads\/2022\/06\/buehne-1.jpeg 2040w\" sizes=\"auto, (max-width: 1024px) 100vw, 1024px\" \/><\/a><\/figure>\n\n\n\n<figure class=\"wp-block-image size-large\"><a href=\"https:\/\/www.kerb-wembach-hahn.de\/wp-content\/uploads\/2022\/06\/kerbplatz_1.jpeg\"><img loading=\"lazy\" decoding=\"async\" width=\"1024\" height=\"771\" data-id=\"2203\" src=\"https:\/\/www.kerb-wembach-hahn.de\/wp-content\/uploads\/2022\/06\/kerbplatz_1-1024x771.jpeg\" alt=\"\" class=\"wp-image-2203\" srcset=\"https:\/\/www.kerb-wembach-hahn.de\/wp-content\/uploads\/2022\/06\/kerbplatz_1-1024x771.jpeg 1024w, https:\/\/www.kerb-wembach-hahn.de\/wp-content\/uploads\/2022\/06\/kerbplatz_1-300x226.jpeg 300w, https:\/\/www.kerb-wembach-hahn.de\/wp-content\/uploads\/2022\/06\/kerbplatz_1-768x578.jpeg 768w, https:\/\/www.kerb-wembach-hahn.de\/wp-content\/uploads\/2022\/06\/kerbplatz_1-1536x1157.jpeg 1536w, https:\/\/www.kerb-wembach-hahn.de\/wp-content\/uploads\/2022\/06\/kerbplatz_1-676x509.jpeg 676w, https:\/\/www.kerb-wembach-hahn.de\/wp-content\/uploads\/2022\/06\/kerbplatz_1.jpeg 2040w\" sizes=\"auto, (max-width: 1024px) 100vw, 1024px\" \/><\/a><\/figure>\n\n\n\n<figure class=\"wp-block-image size-large\"><a href=\"https:\/\/www.kerb-wembach-hahn.de\/wp-content\/uploads\/2022\/06\/kerbzelt_1.jpeg\"><img loading=\"lazy\" decoding=\"async\" width=\"1024\" height=\"771\" data-id=\"2202\" src=\"https:\/\/www.kerb-wembach-hahn.de\/wp-content\/uploads\/2022\/06\/kerbzelt_1-1024x771.jpeg\" alt=\"\" class=\"wp-image-2202\" srcset=\"https:\/\/www.kerb-wembach-hahn.de\/wp-content\/uploads\/2022\/06\/kerbzelt_1-1024x771.jpeg 1024w, https:\/\/www.kerb-wembach-hahn.de\/wp-content\/uploads\/2022\/06\/kerbzelt_1-300x226.jpeg 300w, https:\/\/www.kerb-wembach-hahn.de\/wp-content\/uploads\/2022\/06\/kerbzelt_1-768x578.jpeg 768w, https:\/\/www.kerb-wembach-hahn.de\/wp-content\/uploads\/2022\/06\/kerbzelt_1-1536x1157.jpeg 1536w, https:\/\/www.kerb-wembach-hahn.de\/wp-content\/uploads\/2022\/06\/kerbzelt_1-676x509.jpeg 676w, https:\/\/www.kerb-wembach-hahn.de\/wp-content\/uploads\/2022\/06\/kerbzelt_1.jpeg 2040w\" sizes=\"auto, (max-width: 1024px) 100vw, 1024px\" \/><\/a><\/figure>\n<\/figure>\n\n\n\n<div style=\"height:37px\" aria-hidden=\"true\" class=\"wp-block-spacer\"><\/div>\n\n\n<p>Wie jedes Jahr gibt es am Samstag wieder einen Bunten Abend, f\u00fcr den wir bereits flei\u00dfig \u00fcben und uns vorbereiten. Gesang mit schiefen T\u00f6nen, T\u00e4nze mit Schritten au\u00dferhalb des Takts sowie sonstige Fehler haben grunds\u00e4tzlich keinen Platz auf der B\u00fchne. Um dies zu garantieren, trainieren wird hart. Hier ein Auszug aus dem Trainingscamp:<\/p>\n\n\n<figure class=\"wp-block-gallery has-nested-images columns-default is-cropped wp-block-gallery-2 is-layout-flex wp-block-gallery-is-layout-flex\">\n<figure class=\"wp-block-image size-large\"><a href=\"https:\/\/www.kerb-wembach-hahn.de\/wp-content\/uploads\/2022\/05\/maennerballett_ueben.jpeg\"><img loading=\"lazy\" decoding=\"async\" width=\"1024\" height=\"768\" data-id=\"2134\" src=\"https:\/\/www.kerb-wembach-hahn.de\/wp-content\/uploads\/2022\/05\/maennerballett_ueben.jpeg\" alt=\"\" class=\"wp-image-2134\" srcset=\"https:\/\/www.kerb-wembach-hahn.de\/wp-content\/uploads\/2022\/05\/maennerballett_ueben.jpeg 1024w, https:\/\/www.kerb-wembach-hahn.de\/wp-content\/uploads\/2022\/05\/maennerballett_ueben-300x225.jpeg 300w, https:\/\/www.kerb-wembach-hahn.de\/wp-content\/uploads\/2022\/05\/maennerballett_ueben-768x576.jpeg 768w, https:\/\/www.kerb-wembach-hahn.de\/wp-content\/uploads\/2022\/05\/maennerballett_ueben-676x507.jpeg 676w\" sizes=\"auto, (max-width: 1024px) 100vw, 1024px\" \/><\/a><\/figure>\n\n\n\n<figure class=\"wp-block-image size-large\"><a href=\"https:\/\/www.kerb-wembach-hahn.de\/wp-content\/uploads\/2022\/05\/maennerballett_ueben_02.jpeg\"><img loading=\"lazy\" decoding=\"async\" width=\"1024\" height=\"768\" data-id=\"2135\" src=\"https:\/\/www.kerb-wembach-hahn.de\/wp-content\/uploads\/2022\/05\/maennerballett_ueben_02.jpeg\" alt=\"\" class=\"wp-image-2135\" srcset=\"https:\/\/www.kerb-wembach-hahn.de\/wp-content\/uploads\/2022\/05\/maennerballett_ueben_02.jpeg 1024w, https:\/\/www.kerb-wembach-hahn.de\/wp-content\/uploads\/2022\/05\/maennerballett_ueben_02-300x225.jpeg 300w, https:\/\/www.kerb-wembach-hahn.de\/wp-content\/uploads\/2022\/05\/maennerballett_ueben_02-768x576.jpeg 768w, https:\/\/www.kerb-wembach-hahn.de\/wp-content\/uploads\/2022\/05\/maennerballett_ueben_02-676x507.jpeg 676w\" sizes=\"auto, (max-width: 1024px) 100vw, 1024px\" \/><\/a><\/figure>\n\n\n\n<figure class=\"wp-block-image size-large\"><a href=\"https:\/\/www.kerb-wembach-hahn.de\/wp-content\/uploads\/2022\/05\/kerb_singen_2022.jpeg\"><img loading=\"lazy\" decoding=\"async\" width=\"768\" height=\"1024\" data-id=\"2140\" src=\"https:\/\/www.kerb-wembach-hahn.de\/wp-content\/uploads\/2022\/05\/kerb_singen_2022-768x1024.jpeg\" alt=\"\" class=\"wp-image-2140\" srcset=\"https:\/\/www.kerb-wembach-hahn.de\/wp-content\/uploads\/2022\/05\/kerb_singen_2022-768x1024.jpeg 768w, https:\/\/www.kerb-wembach-hahn.de\/wp-content\/uploads\/2022\/05\/kerb_singen_2022-225x300.jpeg 225w, https:\/\/www.kerb-wembach-hahn.de\/wp-content\/uploads\/2022\/05\/kerb_singen_2022-1152x1536.jpeg 1152w, https:\/\/www.kerb-wembach-hahn.de\/wp-content\/uploads\/2022\/05\/kerb_singen_2022-676x901.jpeg 676w, https:\/\/www.kerb-wembach-hahn.de\/wp-content\/uploads\/2022\/05\/kerb_singen_2022.jpeg 1440w\" sizes=\"auto, (max-width: 768px) 100vw, 768px\" \/><\/a><\/figure>\n<\/figure>\n\n\n<p>Viele fragen sich bestimmt schon l\u00e4ngst, wie denn diese geilste Galaxie aussehen k\u00f6nnte &#8211; Eine gute Frage, doch die Antwort ist simple, wir holen Sie direkt zu uns. Hierf\u00fcr arbeiten wir hart an einem entsprechenden Konzept samt Umsetzung.<\/p>\n\n\n<figure class=\"wp-block-gallery has-nested-images columns-default is-cropped wp-block-gallery-3 is-layout-flex wp-block-gallery-is-layout-flex\">\n<figure class=\"wp-block-image size-large\"><a href=\"https:\/\/www.kerb-wembach-hahn.de\/wp-content\/uploads\/2022\/05\/deko_team_2022.jpeg\"><img loading=\"lazy\" decoding=\"async\" width=\"1024\" height=\"769\" data-id=\"2143\" src=\"https:\/\/www.kerb-wembach-hahn.de\/wp-content\/uploads\/2022\/05\/deko_team_2022-1024x769.jpeg\" alt=\"\" class=\"wp-image-2143\" srcset=\"https:\/\/www.kerb-wembach-hahn.de\/wp-content\/uploads\/2022\/05\/deko_team_2022-1024x769.jpeg 1024w, https:\/\/www.kerb-wembach-hahn.de\/wp-content\/uploads\/2022\/05\/deko_team_2022-300x225.jpeg 300w, https:\/\/www.kerb-wembach-hahn.de\/wp-content\/uploads\/2022\/05\/deko_team_2022-768x576.jpeg 768w, https:\/\/www.kerb-wembach-hahn.de\/wp-content\/uploads\/2022\/05\/deko_team_2022-1536x1153.jpeg 1536w, https:\/\/www.kerb-wembach-hahn.de\/wp-content\/uploads\/2022\/05\/deko_team_2022-676x507.jpeg 676w, https:\/\/www.kerb-wembach-hahn.de\/wp-content\/uploads\/2022\/05\/deko_team_2022.jpeg 2048w\" sizes=\"auto, (max-width: 1024px) 100vw, 1024px\" \/><\/a><\/figure>\n\n\n\n<figure class=\"wp-block-image size-large\"><a href=\"https:\/\/www.kerb-wembach-hahn.de\/wp-content\/uploads\/2022\/05\/kerbsitzung_2022.jpeg\"><img loading=\"lazy\" decoding=\"async\" width=\"1024\" height=\"768\" data-id=\"2145\" src=\"https:\/\/www.kerb-wembach-hahn.de\/wp-content\/uploads\/2022\/05\/kerbsitzung_2022.jpeg\" alt=\"\" class=\"wp-image-2145\" srcset=\"https:\/\/www.kerb-wembach-hahn.de\/wp-content\/uploads\/2022\/05\/kerbsitzung_2022.jpeg 1024w, https:\/\/www.kerb-wembach-hahn.de\/wp-content\/uploads\/2022\/05\/kerbsitzung_2022-300x225.jpeg 300w, https:\/\/www.kerb-wembach-hahn.de\/wp-content\/uploads\/2022\/05\/kerbsitzung_2022-768x576.jpeg 768w, https:\/\/www.kerb-wembach-hahn.de\/wp-content\/uploads\/2022\/05\/kerbsitzung_2022-676x507.jpeg 676w\" sizes=\"auto, (max-width: 1024px) 100vw, 1024px\" \/><\/a><\/figure>\n<\/figure>\n\n\n<p>Foto Termin! M\u00e4chtig aufgebrezelt haben wir uns nach langer Zeit dieses Jahr endlich wieder zum Foto-Termin treffen k\u00f6nnen.<\/p>\n\n\n<figure class=\"wp-block-gallery has-nested-images columns-2 is-cropped wp-block-gallery-4 is-layout-flex wp-block-gallery-is-layout-flex\">\n<figure class=\"wp-block-image size-large\"><a href=\"https:\/\/www.kerb-wembach-hahn.de\/wp-content\/uploads\/2022\/05\/gruppe_normal-1-scaled.jpeg\"><img loading=\"lazy\" decoding=\"async\" width=\"2560\" height=\"1707\" data-id=\"2170\" src=\"https:\/\/www.kerb-wembach-hahn.de\/wp-content\/uploads\/2022\/05\/gruppe_normal-1-scaled.jpeg\" alt=\"\" class=\"wp-image-2170\" srcset=\"https:\/\/www.kerb-wembach-hahn.de\/wp-content\/uploads\/2022\/05\/gruppe_normal-1-scaled.jpeg 2560w, https:\/\/www.kerb-wembach-hahn.de\/wp-content\/uploads\/2022\/05\/gruppe_normal-1-300x200.jpeg 300w, https:\/\/www.kerb-wembach-hahn.de\/wp-content\/uploads\/2022\/05\/gruppe_normal-1-1024x683.jpeg 1024w, https:\/\/www.kerb-wembach-hahn.de\/wp-content\/uploads\/2022\/05\/gruppe_normal-1-768x512.jpeg 768w, https:\/\/www.kerb-wembach-hahn.de\/wp-content\/uploads\/2022\/05\/gruppe_normal-1-1536x1024.jpeg 1536w, https:\/\/www.kerb-wembach-hahn.de\/wp-content\/uploads\/2022\/05\/gruppe_normal-1-2048x1365.jpeg 2048w, https:\/\/www.kerb-wembach-hahn.de\/wp-content\/uploads\/2022\/05\/gruppe_normal-1-676x451.jpeg 676w\" sizes=\"auto, (max-width: 2560px) 100vw, 2560px\" \/><\/a><\/figure>\n\n\n\n<figure class=\"wp-block-image size-large\"><a href=\"https:\/\/www.kerb-wembach-hahn.de\/wp-content\/uploads\/2022\/05\/trio_quatsch-scaled.jpg\"><img loading=\"lazy\" decoding=\"async\" width=\"2560\" height=\"1707\" data-id=\"2172\" src=\"https:\/\/www.kerb-wembach-hahn.de\/wp-content\/uploads\/2022\/05\/trio_quatsch-scaled.jpg\" alt=\"\" class=\"wp-image-2172\" srcset=\"https:\/\/www.kerb-wembach-hahn.de\/wp-content\/uploads\/2022\/05\/trio_quatsch-scaled.jpg 2560w, https:\/\/www.kerb-wembach-hahn.de\/wp-content\/uploads\/2022\/05\/trio_quatsch-300x200.jpg 300w, https:\/\/www.kerb-wembach-hahn.de\/wp-content\/uploads\/2022\/05\/trio_quatsch-1024x683.jpg 1024w, https:\/\/www.kerb-wembach-hahn.de\/wp-content\/uploads\/2022\/05\/trio_quatsch-768x512.jpg 768w, https:\/\/www.kerb-wembach-hahn.de\/wp-content\/uploads\/2022\/05\/trio_quatsch-1536x1024.jpg 1536w, https:\/\/www.kerb-wembach-hahn.de\/wp-content\/uploads\/2022\/05\/trio_quatsch-2048x1365.jpg 2048w, https:\/\/www.kerb-wembach-hahn.de\/wp-content\/uploads\/2022\/05\/trio_quatsch-676x451.jpg 676w\" sizes=\"auto, (max-width: 2560px) 100vw, 2560px\" \/><\/a><\/figure>\n\n\n\n<figure class=\"wp-block-image size-large\"><a href=\"https:\/\/www.kerb-wembach-hahn.de\/wp-content\/uploads\/2022\/05\/gruppe_sprung-scaled.jpg\"><img loading=\"lazy\" decoding=\"async\" width=\"2560\" height=\"1707\" data-id=\"2171\" src=\"https:\/\/www.kerb-wembach-hahn.de\/wp-content\/uploads\/2022\/05\/gruppe_sprung-scaled.jpg\" alt=\"\" class=\"wp-image-2171\" srcset=\"https:\/\/www.kerb-wembach-hahn.de\/wp-content\/uploads\/2022\/05\/gruppe_sprung-scaled.jpg 2560w, https:\/\/www.kerb-wembach-hahn.de\/wp-content\/uploads\/2022\/05\/gruppe_sprung-300x200.jpg 300w, https:\/\/www.kerb-wembach-hahn.de\/wp-content\/uploads\/2022\/05\/gruppe_sprung-1024x683.jpg 1024w, https:\/\/www.kerb-wembach-hahn.de\/wp-content\/uploads\/2022\/05\/gruppe_sprung-768x512.jpg 768w, https:\/\/www.kerb-wembach-hahn.de\/wp-content\/uploads\/2022\/05\/gruppe_sprung-1536x1024.jpg 1536w, https:\/\/www.kerb-wembach-hahn.de\/wp-content\/uploads\/2022\/05\/gruppe_sprung-2048x1365.jpg 2048w, https:\/\/www.kerb-wembach-hahn.de\/wp-content\/uploads\/2022\/05\/gruppe_sprung-676x451.jpg 676w\" sizes=\"auto, (max-width: 2560px) 100vw, 2560px\" \/><\/a><\/figure>\n<\/figure>\n\n\n<p>Weiter Informationen sowie Bilder folgen die n\u00e4chsten Tage \ud83d\ude42<\/p>","protected":false},"excerpt":{"rendered":"<p>Versprochen ist versprochen. Dieses Jahr, vom 10. bis 12 Juni, wird bei uns wieder im Zelt gefeiert. Nichts mehr digital. Mit klassischem Programm und in gewohnter Umgebung soll es dieses Jahr wieder so weit sein. Auch wenn es anders geplant war, verz\u00f6gert sich leider der Bau des Kerbhauses um wohl noch einige Jahre. Doch keine [&hellip;]<\/p>\n","protected":false},"author":5,"featured_media":0,"parent":0,"menu_order":0,"comment_status":"closed","ping_status":"closed","template":"","meta":{"footnotes":""},"class_list":["post-2112","page","type-page","status-publish","hentry","post-preview"],"_links":{"self":[{"href":"https:\/\/www.kerb-wembach-hahn.de\/index.php?rest_route=\/wp\/v2\/pages\/2112","targetHints":{"allow":["GET"]}}],"collection":[{"href":"https:\/\/www.kerb-wembach-hahn.de\/index.php?rest_route=\/wp\/v2\/pages"}],"about":[{"href":"https:\/\/www.kerb-wembach-hahn.de\/index.php?rest_route=\/wp\/v2\/types\/page"}],"author":[{"embeddable":true,"href":"https:\/\/www.kerb-wembach-hahn.de\/index.php?rest_route=\/wp\/v2\/users\/5"}],"replies":[{"embeddable":true,"href":"https:\/\/www.kerb-wembach-hahn.de\/index.php?rest_route=%2Fwp%2Fv2%2Fcomments&post=2112"}],"version-history":[{"count":20,"href":"https:\/\/www.kerb-wembach-hahn.de\/index.php?rest_route=\/wp\/v2\/pages\/2112\/revisions"}],"predecessor-version":[{"id":2205,"href":"https:\/\/www.kerb-wembach-hahn.de\/index.php?rest_route=\/wp\/v2\/pages\/2112\/revisions\/2205"}],"wp:attachment":[{"href":"https:\/\/www.kerb-wembach-hahn.de\/index.php?rest_route=%2Fwp%2Fv2%2Fmedia&parent=2112"}],"curies":[{"name":"wp","href":"https:\/\/api.w.org\/{rel}","templated":true}]}}