{"id":2587,"date":"2024-09-20T15:02:12","date_gmt":"2024-09-20T13:02:12","guid":{"rendered":"https:\/\/www.kerb-wembach-hahn.de\/?page_id=2587"},"modified":"2024-09-20T15:56:57","modified_gmt":"2024-09-20T13:56:57","slug":"aktuelles","status":"publish","type":"page","link":"https:\/\/www.kerb-wembach-hahn.de\/?page_id=2587","title":{"rendered":"Aktuelles"},"content":{"rendered":"\n<div class=\"wp-block-query is-layout-flow wp-block-query-is-layout-flow\"><ul class=\"wp-block-post-template is-layout-flow wp-block-post-template-is-layout-flow\"><li class=\"wp-block-post post-2647 post type-post status-publish format-standard hentry category-aktuelles category-allgemein category-kerb-2025 post-preview\">\n<h2 class=\"has-text-align-center wp-block-post-title\"><a href=\"https:\/\/www.kerb-wembach-hahn.de\/?p=2647\" target=\"_self\" >Vorkerb 2025<\/a><\/h2>\n\n\n\n<div class=\"entry-content wp-block-post-content is-layout-flow wp-block-post-content-is-layout-flow\">\n<figure class=\"wp-block-image size-large\"><a href=\"https:\/\/www.kerb-wembach-hahn.de\/wp-content\/uploads\/2025\/06\/vorkerb_2025.jpg\"><img loading=\"lazy\" decoding=\"async\" width=\"768\" height=\"1024\" src=\"https:\/\/www.kerb-wembach-hahn.de\/wp-content\/uploads\/2025\/06\/vorkerb_2025-768x1024.jpg\" alt=\"\" class=\"wp-image-2648\" srcset=\"https:\/\/www.kerb-wembach-hahn.de\/wp-content\/uploads\/2025\/06\/vorkerb_2025-768x1024.jpg 768w, https:\/\/www.kerb-wembach-hahn.de\/wp-content\/uploads\/2025\/06\/vorkerb_2025-225x300.jpg 225w, https:\/\/www.kerb-wembach-hahn.de\/wp-content\/uploads\/2025\/06\/vorkerb_2025-1152x1536.jpg 1152w, https:\/\/www.kerb-wembach-hahn.de\/wp-content\/uploads\/2025\/06\/vorkerb_2025-676x901.jpg 676w, https:\/\/www.kerb-wembach-hahn.de\/wp-content\/uploads\/2025\/06\/vorkerb_2025.jpg 1368w\" sizes=\"auto, (max-width: 768px) 100vw, 768px\" \/><\/a><\/figure>\n\n\n\n<p class=\"has-text-align-center\"><strong>So startet unser zweiw\u00f6chiges Fest in Wembach-Hoo!<\/strong><\/p>\n<\/div>\n\n<div class=\"has-text-align-center wp-block-post-date\"><time datetime=\"2025-05-31T09:36:20+02:00\">31. Mai 2025<\/time><\/div>\n\n\n<hr class=\"wp-block-separator has-css-opacity\"\/>\n\n<\/li><li class=\"wp-block-post post-2627 post type-post status-publish format-standard hentry category-aktuelles category-allgemein category-kerb-2025 post-preview\">\n<h2 class=\"has-text-align-center wp-block-post-title\"><a href=\"https:\/\/www.kerb-wembach-hahn.de\/?p=2627\" target=\"_self\" >Iwweroer Fastnachtumzug<\/a><\/h2>\n\n\n\n<div class=\"entry-content wp-block-post-content is-layout-flow wp-block-post-content-is-layout-flow\"><p>Schon morgens fr\u00fch um 8:30 haben wir uns dieses Jahr zum Laufen nach \u00dcberau an der Waldenserhalle getroffen. Planm\u00e4\u00dfig starteten wir dann um 9:00 Uhr um in windeseile unsere Kerbrolle in \u00dcberau zu treffen. Gest\u00e4rkt vom B\u00e4cker und einigen Runden FlunkyBall auf dem Weg dorthin, konnten wir zum ersten Mal am Fastnachtumzug in Iwwero teilnehmen und freuen uns bereits jetzt schon auf den n\u00e4chsten gro\u00dfartigen Umzug in Iwwero n\u00e4chstes Jahr<\/p>\n\n\n<figure class=\"wp-block-image size-large\"><a href=\"https:\/\/www.kerb-wembach-hahn.de\/wp-content\/uploads\/2025\/03\/ueberau_2025_01.jpeg\"><img loading=\"lazy\" decoding=\"async\" width=\"1024\" height=\"768\" src=\"https:\/\/www.kerb-wembach-hahn.de\/wp-content\/uploads\/2025\/03\/ueberau_2025_01-1024x768.jpeg\" alt=\"\" class=\"wp-image-2628\" srcset=\"https:\/\/www.kerb-wembach-hahn.de\/wp-content\/uploads\/2025\/03\/ueberau_2025_01-1024x768.jpeg 1024w, https:\/\/www.kerb-wembach-hahn.de\/wp-content\/uploads\/2025\/03\/ueberau_2025_01-300x225.jpeg 300w, https:\/\/www.kerb-wembach-hahn.de\/wp-content\/uploads\/2025\/03\/ueberau_2025_01-768x576.jpeg 768w, https:\/\/www.kerb-wembach-hahn.de\/wp-content\/uploads\/2025\/03\/ueberau_2025_01-1536x1152.jpeg 1536w, https:\/\/www.kerb-wembach-hahn.de\/wp-content\/uploads\/2025\/03\/ueberau_2025_01-676x507.jpeg 676w, https:\/\/www.kerb-wembach-hahn.de\/wp-content\/uploads\/2025\/03\/ueberau_2025_01.jpeg 2000w\" sizes=\"auto, (max-width: 1024px) 100vw, 1024px\" \/><\/a><\/figure>\n\n\n\n<figure class=\"wp-block-image size-large\"><a href=\"https:\/\/www.kerb-wembach-hahn.de\/wp-content\/uploads\/2025\/03\/ueberau_2025_02.jpeg\"><img loading=\"lazy\" decoding=\"async\" width=\"1024\" height=\"768\" src=\"https:\/\/www.kerb-wembach-hahn.de\/wp-content\/uploads\/2025\/03\/ueberau_2025_02-1024x768.jpeg\" alt=\"\" class=\"wp-image-2629\" srcset=\"https:\/\/www.kerb-wembach-hahn.de\/wp-content\/uploads\/2025\/03\/ueberau_2025_02-1024x768.jpeg 1024w, https:\/\/www.kerb-wembach-hahn.de\/wp-content\/uploads\/2025\/03\/ueberau_2025_02-300x225.jpeg 300w, https:\/\/www.kerb-wembach-hahn.de\/wp-content\/uploads\/2025\/03\/ueberau_2025_02-768x576.jpeg 768w, https:\/\/www.kerb-wembach-hahn.de\/wp-content\/uploads\/2025\/03\/ueberau_2025_02-1536x1152.jpeg 1536w, https:\/\/www.kerb-wembach-hahn.de\/wp-content\/uploads\/2025\/03\/ueberau_2025_02-676x507.jpeg 676w, https:\/\/www.kerb-wembach-hahn.de\/wp-content\/uploads\/2025\/03\/ueberau_2025_02.jpeg 1600w\" sizes=\"auto, (max-width: 1024px) 100vw, 1024px\" \/><\/a><\/figure>\n<\/div>\n\n<div class=\"has-text-align-center wp-block-post-date\"><time datetime=\"2025-03-02T08:30:00+02:00\">2. M\u00e4rz 2025<\/time><\/div>\n\n\n<hr class=\"wp-block-separator has-css-opacity\"\/>\n\n<\/li><li class=\"wp-block-post post-2613 post type-post status-publish format-standard hentry category-kerb-2025 post-preview\">\n<h2 class=\"has-text-align-center wp-block-post-title\"><a href=\"https:\/\/www.kerb-wembach-hahn.de\/?p=2613\" target=\"_self\" >Auftakt!<\/a><\/h2>\n\n\n\n<div class=\"entry-content wp-block-post-content is-layout-flow wp-block-post-content-is-layout-flow\">\n<p>Mit vielen neuen Gesichtern starten wir heute in die zweite Kerbsitzung und starten die Planung des diesj\u00e4hrigen Kerbjahres. Schon jetzt freuen wir uns wieder riesig mit Euch bei uns in Wembach-Hoo zu feiern. F\u00fcr uns hei\u00dft das jetzt Trio w\u00e4hlen, das Motto bestimmen und dann proben, proben, proben. Doch bis zum Kerbfreitag ist ja noch jeeede Menge Zeit!<\/p>\n\n\n\n<figure class=\"wp-block-image size-large\"><a href=\"https:\/\/www.kerb-wembach-hahn.de\/wp-content\/uploads\/2025\/02\/sitzungsauftakt_2025-scaled.jpg\"><img loading=\"lazy\" decoding=\"async\" width=\"768\" height=\"1024\" src=\"https:\/\/www.kerb-wembach-hahn.de\/wp-content\/uploads\/2025\/02\/sitzungsauftakt_2025-768x1024.jpg\" alt=\"\" class=\"wp-image-2614\" srcset=\"https:\/\/www.kerb-wembach-hahn.de\/wp-content\/uploads\/2025\/02\/sitzungsauftakt_2025-768x1024.jpg 768w, https:\/\/www.kerb-wembach-hahn.de\/wp-content\/uploads\/2025\/02\/sitzungsauftakt_2025-225x300.jpg 225w, https:\/\/www.kerb-wembach-hahn.de\/wp-content\/uploads\/2025\/02\/sitzungsauftakt_2025-1152x1536.jpg 1152w, https:\/\/www.kerb-wembach-hahn.de\/wp-content\/uploads\/2025\/02\/sitzungsauftakt_2025-1536x2048.jpg 1536w, https:\/\/www.kerb-wembach-hahn.de\/wp-content\/uploads\/2025\/02\/sitzungsauftakt_2025-676x901.jpg 676w, https:\/\/www.kerb-wembach-hahn.de\/wp-content\/uploads\/2025\/02\/sitzungsauftakt_2025-scaled.jpg 1920w\" sizes=\"auto, (max-width: 768px) 100vw, 768px\" \/><\/a><\/figure>\n<\/div>\n\n<div class=\"has-text-align-center wp-block-post-date\"><time datetime=\"2025-02-01T19:58:03+02:00\">1. Februar 2025<\/time><\/div>\n\n\n<hr class=\"wp-block-separator has-css-opacity\"\/>\n\n<\/li><li class=\"wp-block-post post-2583 post type-post status-publish format-standard hentry category-aktuelles category-allgemein post-preview\">\n<h2 class=\"has-text-align-center wp-block-post-title\"><a href=\"https:\/\/www.kerb-wembach-hahn.de\/?p=2583\" target=\"_self\" >Entschlossen gegen Rassismus<\/a><\/h2>\n\n\n\n<div class=\"entry-content wp-block-post-content is-layout-flow wp-block-post-content-is-layout-flow\">\n<p>Kerb feiern ist unpolitisch. Dennoch mussten wir uns die vergangenen Tage mit rassistischen Gesten innerhalb unserer Kerbjugend auseinandersetzen. Dazu haben wir, die Generation Kerb Wembach-Hahn, eine klare, grundlegende Meinung: Rassismus, Diskriminierung, Antisemitismus oder Extremismus haben bei uns nichts zu suchen. Sie stehen dar\u00fcber hinaus im klaren Widerspruch zu unseren Grunds\u00e4tzen, eben der einer unpolitischen Kerb, die durch Toleranz, Vielfalt und des respektvollen Miteinanders gepr\u00e4gt ist.<\/p>\n\n\n\n<p>Wir, die Kerbjugend Wembach-Hahn, nehmen den Vorfall sehr ernst und wollen sichergehen, dass eine solche Situation nicht wieder vorkommt.<\/p>\n\n\n\n<p>Gemeinsam stellen wir uns entschlossen gegen Rassismus und freuen uns weiterhin mit Euch Eure wie unsere Kerb zu feiern.<\/p>\n\n\n\n<p><strong>Generation Kerb Wembach-Hahn<\/strong><\/p>\n<\/div>\n\n<div class=\"has-text-align-center wp-block-post-date\"><time datetime=\"2024-09-20T14:54:28+02:00\">20. September 2024<\/time><\/div>\n\n\n<hr class=\"wp-block-separator has-css-opacity\"\/>\n\n<\/li><li class=\"wp-block-post post-2567 post type-post status-publish format-standard has-post-thumbnail hentry category-aktuelles category-allgemein post-preview\">\n<h2 class=\"has-text-align-center wp-block-post-title\"><a href=\"https:\/\/www.kerb-wembach-hahn.de\/?p=2567\" target=\"_self\" >Kerb 2024<\/a><\/h2>\n\n<figure class=\"alignwide wp-block-post-featured-image\"><a href=\"https:\/\/www.kerb-wembach-hahn.de\/?p=2567\" target=\"_self\"  ><img loading=\"lazy\" decoding=\"async\" width=\"2560\" height=\"1920\" src=\"https:\/\/www.kerb-wembach-hahn.de\/wp-content\/uploads\/2024\/06\/20240609_120151411_iOS-scaled.jpg\" class=\"attachment-post-thumbnail size-post-thumbnail wp-post-image\" alt=\"Kerb 2024\" style=\"object-fit:cover;\" srcset=\"https:\/\/www.kerb-wembach-hahn.de\/wp-content\/uploads\/2024\/06\/20240609_120151411_iOS-scaled.jpg 2560w, https:\/\/www.kerb-wembach-hahn.de\/wp-content\/uploads\/2024\/06\/20240609_120151411_iOS-300x225.jpg 300w, https:\/\/www.kerb-wembach-hahn.de\/wp-content\/uploads\/2024\/06\/20240609_120151411_iOS-1024x768.jpg 1024w, https:\/\/www.kerb-wembach-hahn.de\/wp-content\/uploads\/2024\/06\/20240609_120151411_iOS-768x576.jpg 768w, https:\/\/www.kerb-wembach-hahn.de\/wp-content\/uploads\/2024\/06\/20240609_120151411_iOS-1536x1152.jpg 1536w, https:\/\/www.kerb-wembach-hahn.de\/wp-content\/uploads\/2024\/06\/20240609_120151411_iOS-2048x1536.jpg 2048w, https:\/\/www.kerb-wembach-hahn.de\/wp-content\/uploads\/2024\/06\/20240609_120151411_iOS-676x507.jpg 676w\" sizes=\"auto, (max-width: 2560px) 100vw, 2560px\" \/><\/a><\/figure>\n\n<div class=\"entry-content wp-block-post-content is-layout-flow wp-block-post-content-is-layout-flow\"><p>Hier seht ihr einen sch\u00f6nen \u00dcberblick was bei uns 2024 so passiert ist! Vielen Dank an alle Helfer, an alle G\u00e4ste f\u00fcr eine weitere herausragende Kerb.<\/p>\n\n\n<div class=\"wp-block-buttons is-content-justification-center is-layout-flex wp-container-core-buttons-is-layout-16018d1d wp-block-buttons-is-layout-flex\">\n<div class=\"wp-block-button has-custom-width wp-block-button__width-75\"><a class=\"wp-block-button__link has-text-align-center wp-element-button\" href=\"https:\/\/www.kerb-wembach-hahn.de\/?page_id=2441\">Zu den Bildern<\/a><\/div>\n<\/div>\n<\/div>\n\n<div class=\"has-text-align-center wp-block-post-date\"><time datetime=\"2024-06-10T21:57:55+02:00\">10. Juni 2024<\/time><\/div>\n\n\n<hr class=\"wp-block-separator has-css-opacity\"\/>\n\n<\/li><li class=\"wp-block-post post-2504 post type-post status-publish format-standard hentry category-kerb-2024 post-preview\">\n<h2 class=\"has-text-align-center wp-block-post-title\"><a href=\"https:\/\/www.kerb-wembach-hahn.de\/?p=2504\" target=\"_self\" >Vorkerb<\/a><\/h2>\n\n\n\n<div class=\"entry-content wp-block-post-content is-layout-flow wp-block-post-content-is-layout-flow\">\n<figure class=\"wp-block-image size-large\"><a href=\"https:\/\/www.kerb-wembach-hahn.de\/wp-content\/uploads\/2024\/06\/20240601_230532270_iOS-scaled-e1717437841127.jpg\"><img loading=\"lazy\" decoding=\"async\" width=\"1024\" height=\"740\" src=\"https:\/\/www.kerb-wembach-hahn.de\/wp-content\/uploads\/2024\/06\/20240601_230532270_iOS-scaled-e1717437841127-1024x740.jpg\" alt=\"\" class=\"wp-image-2505\" srcset=\"https:\/\/www.kerb-wembach-hahn.de\/wp-content\/uploads\/2024\/06\/20240601_230532270_iOS-scaled-e1717437841127-1024x740.jpg 1024w, https:\/\/www.kerb-wembach-hahn.de\/wp-content\/uploads\/2024\/06\/20240601_230532270_iOS-scaled-e1717437841127-300x217.jpg 300w, https:\/\/www.kerb-wembach-hahn.de\/wp-content\/uploads\/2024\/06\/20240601_230532270_iOS-scaled-e1717437841127-768x555.jpg 768w, https:\/\/www.kerb-wembach-hahn.de\/wp-content\/uploads\/2024\/06\/20240601_230532270_iOS-scaled-e1717437841127-1536x1110.jpg 1536w, https:\/\/www.kerb-wembach-hahn.de\/wp-content\/uploads\/2024\/06\/20240601_230532270_iOS-scaled-e1717437841127-676x488.jpg 676w, https:\/\/www.kerb-wembach-hahn.de\/wp-content\/uploads\/2024\/06\/20240601_230532270_iOS-scaled-e1717437841127.jpg 1830w\" sizes=\"auto, (max-width: 1024px) 100vw, 1024px\" \/><\/a><\/figure>\n<\/div>\n\n<div class=\"has-text-align-center wp-block-post-date\"><time datetime=\"2024-06-03T20:05:26+02:00\">3. Juni 2024<\/time><\/div>\n\n\n<hr class=\"wp-block-separator has-css-opacity\"\/>\n\n<\/li><li class=\"wp-block-post post-2498 post type-post status-publish format-standard hentry category-aktuelles category-allgemein post-preview\">\n<h2 class=\"has-text-align-center wp-block-post-title\"><a href=\"https:\/\/www.kerb-wembach-hahn.de\/?p=2498\" target=\"_self\" >Kerb-Trailer 2024<\/a><\/h2>\n\n\n\n<div class=\"entry-content wp-block-post-content is-layout-flow wp-block-post-content-is-layout-flow\">\n<figure class=\"wp-block-embed is-type-video is-provider-youtube wp-block-embed-youtube wp-embed-aspect-16-9 wp-has-aspect-ratio\"><div class=\"wp-block-embed__wrapper\">\n<iframe loading=\"lazy\" title=\"Kerb-Trailer 2024 - Wembach-Heehner Kerb\" width=\"676\" height=\"380\" src=\"https:\/\/www.youtube.com\/embed\/Rd4D5--Rwak?feature=oembed\" frameborder=\"0\" allow=\"accelerometer; autoplay; clipboard-write; encrypted-media; gyroscope; picture-in-picture; web-share\" referrerpolicy=\"strict-origin-when-cross-origin\" allowfullscreen><\/iframe>\n<\/div><\/figure>\n<\/div>\n\n<div class=\"has-text-align-center wp-block-post-date\"><time datetime=\"2024-06-01T21:47:37+02:00\">1. Juni 2024<\/time><\/div>\n\n\n<hr class=\"wp-block-separator has-css-opacity\"\/>\n\n<\/li><li class=\"wp-block-post post-2493 post type-post status-publish format-standard hentry category-kerb-2024 post-preview\">\n<h2 class=\"has-text-align-center wp-block-post-title\"><a href=\"https:\/\/www.kerb-wembach-hahn.de\/?p=2493\" target=\"_self\" >Plakate Klebespa\u00df<\/a><\/h2>\n\n\n\n<div class=\"entry-content wp-block-post-content is-layout-flow wp-block-post-content-is-layout-flow\">\n<p>Damits auch dieses Jahr keiner vergisst verteilen wir wieder im ganzen Land Plakate! Mit viel Kleister und etwas Leim d\u00fcrften die Plakate f\u00fcr die kommenden 10 Kerb-Generationen fest verklebt sein und im Jahr 2100  f\u00fcr spannende Einblicke sorgen.<\/p>\n\n\n\n<figure class=\"wp-block-image size-large\"><a href=\"https:\/\/www.kerb-wembach-hahn.de\/wp-content\/uploads\/2024\/05\/plakate_kleben_2024-1-scaled.jpeg\"><img loading=\"lazy\" decoding=\"async\" width=\"1024\" height=\"768\" src=\"https:\/\/www.kerb-wembach-hahn.de\/wp-content\/uploads\/2024\/05\/plakate_kleben_2024-1-1024x768.jpeg\" alt=\"\" class=\"wp-image-2494\" srcset=\"https:\/\/www.kerb-wembach-hahn.de\/wp-content\/uploads\/2024\/05\/plakate_kleben_2024-1-1024x768.jpeg 1024w, https:\/\/www.kerb-wembach-hahn.de\/wp-content\/uploads\/2024\/05\/plakate_kleben_2024-1-300x225.jpeg 300w, https:\/\/www.kerb-wembach-hahn.de\/wp-content\/uploads\/2024\/05\/plakate_kleben_2024-1-768x576.jpeg 768w, https:\/\/www.kerb-wembach-hahn.de\/wp-content\/uploads\/2024\/05\/plakate_kleben_2024-1-1536x1152.jpeg 1536w, https:\/\/www.kerb-wembach-hahn.de\/wp-content\/uploads\/2024\/05\/plakate_kleben_2024-1-2048x1536.jpeg 2048w, https:\/\/www.kerb-wembach-hahn.de\/wp-content\/uploads\/2024\/05\/plakate_kleben_2024-1-676x507.jpeg 676w\" sizes=\"auto, (max-width: 1024px) 100vw, 1024px\" \/><\/a><\/figure>\n\n\n\n<figure class=\"wp-block-image size-large\"><a href=\"https:\/\/www.kerb-wembach-hahn.de\/wp-content\/uploads\/2024\/05\/plakate_kleben_2024-2-scaled.jpeg\"><img loading=\"lazy\" decoding=\"async\" width=\"1024\" height=\"768\" src=\"https:\/\/www.kerb-wembach-hahn.de\/wp-content\/uploads\/2024\/05\/plakate_kleben_2024-2-1024x768.jpeg\" alt=\"\" class=\"wp-image-2495\" srcset=\"https:\/\/www.kerb-wembach-hahn.de\/wp-content\/uploads\/2024\/05\/plakate_kleben_2024-2-1024x768.jpeg 1024w, https:\/\/www.kerb-wembach-hahn.de\/wp-content\/uploads\/2024\/05\/plakate_kleben_2024-2-300x225.jpeg 300w, https:\/\/www.kerb-wembach-hahn.de\/wp-content\/uploads\/2024\/05\/plakate_kleben_2024-2-768x576.jpeg 768w, https:\/\/www.kerb-wembach-hahn.de\/wp-content\/uploads\/2024\/05\/plakate_kleben_2024-2-1536x1152.jpeg 1536w, https:\/\/www.kerb-wembach-hahn.de\/wp-content\/uploads\/2024\/05\/plakate_kleben_2024-2-2048x1536.jpeg 2048w, https:\/\/www.kerb-wembach-hahn.de\/wp-content\/uploads\/2024\/05\/plakate_kleben_2024-2-676x507.jpeg 676w\" sizes=\"auto, (max-width: 1024px) 100vw, 1024px\" \/><\/a><\/figure>\n\n\n\n<figure class=\"wp-block-image size-large\"><a href=\"https:\/\/www.kerb-wembach-hahn.de\/wp-content\/uploads\/2024\/05\/plakate_kleben_2024-3-scaled.jpeg\"><img loading=\"lazy\" decoding=\"async\" width=\"1024\" height=\"768\" src=\"https:\/\/www.kerb-wembach-hahn.de\/wp-content\/uploads\/2024\/05\/plakate_kleben_2024-3-1024x768.jpeg\" alt=\"\" class=\"wp-image-2496\" srcset=\"https:\/\/www.kerb-wembach-hahn.de\/wp-content\/uploads\/2024\/05\/plakate_kleben_2024-3-1024x768.jpeg 1024w, https:\/\/www.kerb-wembach-hahn.de\/wp-content\/uploads\/2024\/05\/plakate_kleben_2024-3-300x225.jpeg 300w, https:\/\/www.kerb-wembach-hahn.de\/wp-content\/uploads\/2024\/05\/plakate_kleben_2024-3-768x576.jpeg 768w, https:\/\/www.kerb-wembach-hahn.de\/wp-content\/uploads\/2024\/05\/plakate_kleben_2024-3-1536x1152.jpeg 1536w, https:\/\/www.kerb-wembach-hahn.de\/wp-content\/uploads\/2024\/05\/plakate_kleben_2024-3-2048x1536.jpeg 2048w, https:\/\/www.kerb-wembach-hahn.de\/wp-content\/uploads\/2024\/05\/plakate_kleben_2024-3-676x507.jpeg 676w\" sizes=\"auto, (max-width: 1024px) 100vw, 1024px\" \/><\/a><\/figure>\n<\/div>\n\n<div class=\"has-text-align-center wp-block-post-date\"><time datetime=\"2024-05-28T19:11:02+02:00\">28. Mai 2024<\/time><\/div>\n\n\n<hr class=\"wp-block-separator has-css-opacity\"\/>\n\n<\/li><li class=\"wp-block-post post-2482 post type-post status-publish format-standard hentry category-allgemein category-kerb-2024 post-preview\">\n<h2 class=\"has-text-align-center wp-block-post-title\"><a href=\"https:\/\/www.kerb-wembach-hahn.de\/?p=2482\" target=\"_self\" >Vorbereitungen zum Bunten Abend<\/a><\/h2>\n\n\n\n<div class=\"entry-content wp-block-post-content is-layout-flow wp-block-post-content-is-layout-flow\">\n<p>Ein kurzer Einblick in die Vorbereitungen zum Bunten Abend 2024. Da darf man sich w\u00e4hrend der Planung auch mal eine Pause g\u00f6nnen.<\/p>\n\n\n<div class=\"wp-block-image\">\n<figure class=\"aligncenter size-large is-resized\"><a href=\"https:\/\/www.kerb-wembach-hahn.de\/wp-content\/uploads\/2024\/05\/image00005.jpeg\"><img loading=\"lazy\" decoding=\"async\" width=\"1024\" height=\"571\" src=\"https:\/\/www.kerb-wembach-hahn.de\/wp-content\/uploads\/2024\/05\/image00005-1024x571.jpeg\" alt=\"\" class=\"wp-image-2485\" style=\"width:616px;height:auto\" srcset=\"https:\/\/www.kerb-wembach-hahn.de\/wp-content\/uploads\/2024\/05\/image00005-1024x571.jpeg 1024w, https:\/\/www.kerb-wembach-hahn.de\/wp-content\/uploads\/2024\/05\/image00005-300x167.jpeg 300w, https:\/\/www.kerb-wembach-hahn.de\/wp-content\/uploads\/2024\/05\/image00005-768x428.jpeg 768w, https:\/\/www.kerb-wembach-hahn.de\/wp-content\/uploads\/2024\/05\/image00005-676x377.jpeg 676w, https:\/\/www.kerb-wembach-hahn.de\/wp-content\/uploads\/2024\/05\/image00005.jpeg 1179w\" sizes=\"auto, (max-width: 1024px) 100vw, 1024px\" \/><\/a><\/figure>\n<\/div>\n\n<div class=\"wp-block-image\">\n<figure class=\"aligncenter size-large is-resized\"><a href=\"https:\/\/www.kerb-wembach-hahn.de\/wp-content\/uploads\/2024\/05\/image00008.jpeg\"><img loading=\"lazy\" decoding=\"async\" width=\"1024\" height=\"565\" src=\"https:\/\/www.kerb-wembach-hahn.de\/wp-content\/uploads\/2024\/05\/image00008-1024x565.jpeg\" alt=\"\" class=\"wp-image-2486\" style=\"width:616px;height:auto\" srcset=\"https:\/\/www.kerb-wembach-hahn.de\/wp-content\/uploads\/2024\/05\/image00008-1024x565.jpeg 1024w, https:\/\/www.kerb-wembach-hahn.de\/wp-content\/uploads\/2024\/05\/image00008-300x166.jpeg 300w, https:\/\/www.kerb-wembach-hahn.de\/wp-content\/uploads\/2024\/05\/image00008-768x424.jpeg 768w, https:\/\/www.kerb-wembach-hahn.de\/wp-content\/uploads\/2024\/05\/image00008-676x373.jpeg 676w, https:\/\/www.kerb-wembach-hahn.de\/wp-content\/uploads\/2024\/05\/image00008.jpeg 1179w\" sizes=\"auto, (max-width: 1024px) 100vw, 1024px\" \/><\/a><\/figure>\n<\/div>\n\n<div class=\"wp-block-image\">\n<figure class=\"aligncenter size-large is-resized\"><a href=\"https:\/\/www.kerb-wembach-hahn.de\/wp-content\/uploads\/2024\/05\/neu.jpeg\"><img loading=\"lazy\" decoding=\"async\" width=\"576\" height=\"1024\" src=\"https:\/\/www.kerb-wembach-hahn.de\/wp-content\/uploads\/2024\/05\/neu-576x1024.jpeg\" alt=\"\" class=\"wp-image-2483\" style=\"aspect-ratio:3\/4;object-fit:cover;width:418px;height:auto\" srcset=\"https:\/\/www.kerb-wembach-hahn.de\/wp-content\/uploads\/2024\/05\/neu-576x1024.jpeg 576w, https:\/\/www.kerb-wembach-hahn.de\/wp-content\/uploads\/2024\/05\/neu-169x300.jpeg 169w, https:\/\/www.kerb-wembach-hahn.de\/wp-content\/uploads\/2024\/05\/neu-768x1365.jpeg 768w, https:\/\/www.kerb-wembach-hahn.de\/wp-content\/uploads\/2024\/05\/neu-864x1536.jpeg 864w, https:\/\/www.kerb-wembach-hahn.de\/wp-content\/uploads\/2024\/05\/neu-676x1202.jpeg 676w, https:\/\/www.kerb-wembach-hahn.de\/wp-content\/uploads\/2024\/05\/neu.jpeg 900w\" sizes=\"auto, (max-width: 576px) 100vw, 576px\" \/><\/a><\/figure>\n<\/div><\/div>\n\n<div class=\"has-text-align-center wp-block-post-date\"><time datetime=\"2024-05-11T20:13:52+02:00\">11. Mai 2024<\/time><\/div>\n\n\n<hr class=\"wp-block-separator has-css-opacity\"\/>\n\n<\/li><li class=\"wp-block-post post-2469 post type-post status-publish format-standard hentry category-kerb-2024 post-preview\">\n<h2 class=\"has-text-align-center wp-block-post-title\"><a href=\"https:\/\/www.kerb-wembach-hahn.de\/?p=2469\" target=\"_self\" >Wir laufen in den Mai<\/a><\/h2>\n\n\n\n<div class=\"entry-content wp-block-post-content is-layout-flow wp-block-post-content-is-layout-flow\">\n\n<p>Auch dies eine alte Tradition, bei der wir gemeinsam in den Mai laufen. Ziel dieses Jahr war die Party im rohrb\u00e4cher Sportheim des SV Rohrbach 1955. So war der Weg nicht weit und noch gen\u00fcgend Energie zu Feiern!<\/p>\n\n\n<figure class=\"wp-block-image size-large\"><a href=\"https:\/\/www.kerb-wembach-hahn.de\/wp-content\/uploads\/2024\/05\/image00003-scaled.jpeg\"><img loading=\"lazy\" decoding=\"async\" width=\"1024\" height=\"473\" src=\"https:\/\/www.kerb-wembach-hahn.de\/wp-content\/uploads\/2024\/05\/image00003-1024x473.jpeg\" alt=\"\" class=\"wp-image-2470\" srcset=\"https:\/\/www.kerb-wembach-hahn.de\/wp-content\/uploads\/2024\/05\/image00003-1024x473.jpeg 1024w, https:\/\/www.kerb-wembach-hahn.de\/wp-content\/uploads\/2024\/05\/image00003-300x139.jpeg 300w, https:\/\/www.kerb-wembach-hahn.de\/wp-content\/uploads\/2024\/05\/image00003-768x355.jpeg 768w, https:\/\/www.kerb-wembach-hahn.de\/wp-content\/uploads\/2024\/05\/image00003-1536x710.jpeg 1536w, https:\/\/www.kerb-wembach-hahn.de\/wp-content\/uploads\/2024\/05\/image00003-2048x946.jpeg 2048w, https:\/\/www.kerb-wembach-hahn.de\/wp-content\/uploads\/2024\/05\/image00003-676x312.jpeg 676w\" sizes=\"auto, (max-width: 1024px) 100vw, 1024px\" \/><\/a><\/figure>\n<\/div>\n\n<div class=\"has-text-align-center wp-block-post-date\"><time datetime=\"2024-04-30T08:59:50+02:00\">30. April 2024<\/time><\/div>\n\n\n<hr class=\"wp-block-separator has-css-opacity\"\/>\n\n<\/li><\/ul>\n\n<nav class=\"wp-block-query-pagination is-horizontal is-content-justification-center is-layout-flex wp-container-core-query-pagination-is-layout-499968f5 wp-block-query-pagination-is-layout-flex\" aria-label=\"Seitennummerierung\">\n\n\n<div class=\"wp-block-query-pagination-numbers\"><span aria-current=\"page\" class=\"page-numbers current\">1<\/span>\n<a class=\"page-numbers\" href=\"?query-14-page=2&#038;rest_route=%2Fwp%2Fv2%2Fpages%2F2587\">2<\/a>\n<a class=\"page-numbers\" href=\"?query-14-page=3&#038;rest_route=%2Fwp%2Fv2%2Fpages%2F2587\">3<\/a>\n<span class=\"page-numbers dots\">&hellip;<\/span>\n<a class=\"page-numbers\" href=\"?query-14-page=5&#038;rest_route=%2Fwp%2Fv2%2Fpages%2F2587\">5<\/a><\/div>\n\n<a href=\"\/index.php?rest_route=%2Fwp%2Fv2%2Fpages%2F2587&#038;query-14-page=2\" class=\"wp-block-query-pagination-next\" aria-label=\"N\u00e4chste Seite\"><span class='wp-block-query-pagination-next-arrow is-arrow-arrow' aria-hidden='true'>\u2192<\/span><\/a>\n<\/nav><\/div>\n","protected":false},"excerpt":{"rendered":"","protected":false},"author":5,"featured_media":0,"parent":0,"menu_order":0,"comment_status":"closed","ping_status":"closed","template":"template-fullwidth.php","meta":{"footnotes":""},"class_list":["post-2587","page","type-page","status-publish","hentry","post-preview"],"_links":{"self":[{"href":"https:\/\/www.kerb-wembach-hahn.de\/index.php?rest_route=\/wp\/v2\/pages\/2587","targetHints":{"allow":["GET"]}}],"collection":[{"href":"https:\/\/www.kerb-wembach-hahn.de\/index.php?rest_route=\/wp\/v2\/pages"}],"about":[{"href":"https:\/\/www.kerb-wembach-hahn.de\/index.php?rest_route=\/wp\/v2\/types\/page"}],"author":[{"embeddable":true,"href":"https:\/\/www.kerb-wembach-hahn.de\/index.php?rest_route=\/wp\/v2\/users\/5"}],"replies":[{"embeddable":true,"href":"https:\/\/www.kerb-wembach-hahn.de\/index.php?rest_route=%2Fwp%2Fv2%2Fcomments&post=2587"}],"version-history":[{"count":11,"href":"https:\/\/www.kerb-wembach-hahn.de\/index.php?rest_route=\/wp\/v2\/pages\/2587\/revisions"}],"predecessor-version":[{"id":2606,"href":"https:\/\/www.kerb-wembach-hahn.de\/index.php?rest_route=\/wp\/v2\/pages\/2587\/revisions\/2606"}],"wp:attachment":[{"href":"https:\/\/www.kerb-wembach-hahn.de\/index.php?rest_route=%2Fwp%2Fv2%2Fmedia&parent=2587"}],"curies":[{"name":"wp","href":"https:\/\/api.w.org\/{rel}","templated":true}]}}