{"id":26,"date":"2014-08-15T18:32:21","date_gmt":"2014-08-15T16:32:21","guid":{"rendered":"http:\/\/www.czwalina-web.de\/wordpress\/?page_id=26"},"modified":"2021-01-19T10:33:02","modified_gmt":"2021-01-19T08:33:02","slug":"kerbredd","status":"publish","type":"page","link":"https:\/\/www.kerb-wembach-hahn.de\/?page_id=26","title":{"rendered":"Kerbredd 2014"},"content":{"rendered":"<h2>&nbsp;Atemlos durch Wembach-Hoo<\/h2>\n<div id=\"attachment_470\" style=\"width: 515px\" class=\"wp-caption aligncenter\"><a href=\"http:\/\/www.czwalina-web.de\/wordpress\/wp-content\/uploads\/2014\/08\/IMG_5173.jpg\"><img loading=\"lazy\" decoding=\"async\" aria-describedby=\"caption-attachment-470\" class=\"wp-image-470 size-full\" src=\"http:\/\/www.czwalina-web.de\/wordpress\/wp-content\/uploads\/2014\/08\/IMG_5173-e1412020205301.jpg\" alt=\"Kerbredd\" width=\"505\" height=\"379\"><\/a><p id=\"caption-attachment-470\" class=\"wp-caption-text\">Der Parre verliest die Redd<\/p><\/div>\n<p>Atemlos &#8211; einfach froh<br \/>\ndie Wembach-Heehner Kerb is do.<br \/>\nAtemlos \u2013 dess war gestern<br \/>\nun unser Kerb geht bis Silvester.<br \/>\nAtemlos \u2013 durch jede Nacht<br \/>\nsp\u00fcrt was die Kerb mim Kerbvolk macht,<br \/>\nin Eierm Blut pulsiert die Lust.<br \/>\nVergessen ist der Alltags-Frust.<br \/>\nHier an de Hall, im Kerwezelt ist der sch\u00f6nste Platz der Welt.<br \/>\nIm Zelt sinn vun vorne bis noch hinne<br \/>\nNur pfiffisch, scheene Leit zu finne.<br \/>\nMei Gl\u00fccksgef\u00fchl geht ohne Witz,<br \/>\nbis nunner in meu Fu\u00dfzehspitz.<br \/>\nUn heit im kerbzelt wei\u00df eh Jeder<br \/>\nSo wie ich, f\u00fchlt nur ein echte Wembach-Heehner.<\/p>\n<p>F\u00fcr ewig und f\u00fcr viele stunden<br \/>\nSeid Ihr do unne, mit uns hier owwe fest verbunden.<br \/>\nGemeinsam sind mir nur komplett<br \/>\nWann Jeder heit hoom geht und hot\u00b4seu Fett.<br \/>\nIn diesem Sinne, seid all per Du<br \/>\nHebt eier Glos und prost eich zu.<br \/>\nHeit sin mir all gl\u00fccklich, fr\u00f6hlich un sch\u00f6ner.<br \/>\nDie Welt geh\u00f6rt heit, de Wembach-heehner<\/p>\n<p><em>Kerblied \u2013 Gl\u00f6ckner<\/em><\/p>\n<blockquote><p>&#8222;Gl\u00f6ckner schenk eu, es muss e mol getrunke seu&#8220;<\/p><\/blockquote>\n<p>Ihr Leit, ich seh un muss nur staune<br \/>\nIhr seid all gut druff, habt all gute Laune.<br \/>\nF\u00fcr 20 minude seid still, halt eiern Schanwel<br \/>\nUn lauscht meum spa\u00dfige Kerb-Redd-Gebabbel.<br \/>\nIhr kennt Sie noch all vom letzte johr<br \/>\nSelina Morawetz mit Raspelhaar.<br \/>\nIs ungeschminkt un net gestylt<br \/>\nNatur pur- un es sch\u00f6nste M\u00e4dche an meiner Seit.<br \/>\nSexy un klug, denn Sie liest schlaue B\u00fccher<br \/>\nMusikalisch wie die helene Fischer.<br \/>\nIhr Haut is zart duftisch wie Kr\u00e4uterbutter<br \/>\nSie ist meine Wunsch-traum-Kerwe-Modder.<\/p>\n<p>De Gl\u00f6ckner hat letztes Johr kein Schade gemacht<br \/>\nDrum verl\u00e4ngert man ihm seihen Arbeitsauftrag.<br \/>\n2013 war er de Kerwe-Hopser<br \/>\nHei\u00dft Kevin jayme, genannt ,,klooner Koppser&#8222;<\/p>\n<p>Jetzt kimmt im Trio, de letzte Teil<br \/>\nEiern Kerbvadder \u2013 Christoph Keil<br \/>\nIch bin de Sohn vom Boalsches-Klaus<br \/>\nSeh hinne wie vorne super gut aus.<br \/>\nSoviel Sch\u00f6nheit wird niemals vergehn,<br \/>\nDess kann mer an meuner Mama sehn,<br \/>\ndie is noch lang net am verwelke<br \/>\nProst babba Klaus und Mama Elke<\/p>\n<p>Auch wenn jetzt es herzlich lacht<br \/>\nIhr habt mich ganz gut hin gebracht.<\/p>\n<p>2013 war ich fer all noch de Watz<br \/>\nJetzt hab ich als Kerbvadder bei Eich meun Platz.<br \/>\nBin die Karrier-Leiter hoch gestieche<br \/>\nUn la\u00df heit mit Eich de Fliescher fliesche.<\/p>\n<blockquote><p>&#8222;Die Musik spielt es Fliescher-Lied&#8220;<\/p><\/blockquote>\n<p>Ich sag\u00b4s noch schnell bevors vergesse geht,<br \/>\nwer kein Spa\u00df versteht, am beste nach hause geht.<br \/>\nReklamatione sin grad fer die Katz,<br \/>\nDie wern geschrottet. ,,merkt Eich den Satz.<br \/>\nSo ihr liewe Kerweg\u00e4st<br \/>\nDie Redd geht los, halt eich fest.<br \/>\nWer net mehr laafe kann un net fest steht<br \/>\nUn im Zick-Zack-Schritt im Zelt rum geht,<br \/>\nder hat, ich wei\u00df dess ganz genau<br \/>\neinfach zu tief in\u00b4s Glas geschaut<br \/>\nhat zuviel getrunke, hat einfach Pech<br \/>\ndes letzte Glas Bier, war sauer, war schlecht<br \/>\nIrgendwann wird er zum Tier<br \/>\nUn kann gor nix do-de f\u00fcr.<br \/>\nAn de letzt Kerb, do is es passiert<br \/>\nChristoph der BARtonekische hat zuviel probiert.<\/p>\n<p>Alles durcheunanner gel\u00e4ppert,<br \/>\ndehoam dann im Rausch de schrank zerd\u00e4ppert.<br \/>\nEr f\u00fchlt sich wie de herr der Ringe<br \/>\nDie Griene mu\u00dften ihn bezwinge<br \/>\nMit Alkohol in seinem Heern<br \/>\nMoont er, er w\u00e4r uff em onnern Stern.<br \/>\nNiemehr geht es zu Kerb-Bier-Tanke<br \/>\nNie wieder will er so stark schwanke.<br \/>\nChristoph schw\u00f6rt f\u00fcr alle Zeite<br \/>\nAlkohol am Fest zu meide.<br \/>\nMan erz\u00e4hlt sich sp\u00e4ter dann<br \/>\nEr war gor net selwer schuld daran.<br \/>\nDie Kumpel die mit ihm zum Bartresen hinkten<br \/>\nHawe ihm gezwunge als fort es Glas leer zu trinken.<br \/>\nUn wie es \u00fcwwer ihn kam \u2013 dess Tier<br \/>\nWar kein einzige Kumpel zum tr\u00f6sten hier.<\/p>\n<p>Meun liewer du mu\u00dft dich heut net schiniern<br \/>\nMir kann des heit a noch passiern.<br \/>\nDer Sunntag is noch lang net vorbei<br \/>\nMein Spruch den ruf ich laut un Frei<br \/>\n,, Alkohol, du b\u00f6ser Geist,<br \/>\nhast den Christoph umgeschmei\u00dft<br \/>\nversuch\u00b4s blo\u00df heute nicht mit mich<br \/>\nsonst sauf ich dich.<\/p>\n<blockquote><p>&#8222;Die Musik spielt \u2013 weil ich dess sag<br \/>\nHeut is so ein sch\u00f6ner Tag&#8220;<\/p><\/blockquote>\n<p>Alkohol, der b\u00f6se geist<br \/>\nDer, waas wies n\u00e4chste opfer hei\u00dft.<br \/>\nEs handelt sich um eine Dame<br \/>\nIn jeder Kerbredd steht ihr Name.<br \/>\nJaa, wo is dann die Frau Schulz ?<br \/>\nUschi, bleib ruhig, senk deinen Puls,<br \/>\nDu hast dies Johr nix tracktiert<br \/>\nWas is geschehen, was is passiert?<br \/>\nHat dich deu Dabbischkeit verlosse?<br \/>\nHat dich de Uwe weg geschlosse?<br \/>\nDann bist Du sicher besser dro<br \/>\nWie seller Fraa vom scheene Hooh.<\/p>\n<blockquote><p>&#8222;Gl\u00f6ckner schenk eu, es muss e mol getrunke seu!&#8220;<\/p><\/blockquote>\n<p>Die letzt kerb, die war fast vorbei,<br \/>\nKerb-Sonntag war\u00b4s ca 22 Uhr 3<br \/>\nAm Rande der hauptstro\u00df sieht man Fr\u00e4ulein Schn\u00e4ges<br \/>\nHeimw\u00e4rts schleichen ihres Weges<br \/>\nMeike K\u00e4mpft fair mit eisernem Wille<br \/>\nGegen die schwerkraft und Promille.<br \/>\nIhre blonde M\u00e4hne flattert im Wind<br \/>\nBevor Sie sanft zur Erde sinkt.<br \/>\nIm Hirn noch fit \u2013 tut sie sofort begreife<br \/>\nIch mu\u00df im 4 F\u00fc\u00dflerstand \u00fcwwern Zebrastreife.<br \/>\nVom ort e poor gesunde Feierwehrleit<br \/>\nStanden der Webern hilfreich zur Seit,<\/p>\n<p>Hawe die hauptstro\u00df gesichtert un gesperrt<br \/>\nUn dess war gut, un net verkehrt.<br \/>\nDenn oft steht im orew\u00e4ller-Bl\u00e4ddche zu lese:<br \/>\n,,Wildsau\u201c Unfall uff de Choussee gewese<br \/>\nBei Tempo 100, Auto geschrott<br \/>\nHalali gits net &#8211; ,,Wildsau\u201c is tot.<\/p>\n<p>Dem Christoph un de Maike sag ich heit<br \/>\nH\u00e4tt ihr 2 Eich 1 kerbrausch geteilt<br \/>\nW\u00e4rt ihr heit net in meuner Redd<br \/>\nJetzt habt ihr eier Fett.<br \/>\n,,Danke\u201c f\u00fcr die lustig Story<br \/>\nUn f\u00fcr den Vergleich mit de ,,Wildsau\u201c &#8211; Sorry!<\/p>\n<blockquote><p>&#8222;Die Musik spielt nur f\u00fcr Euch 2<br \/>\nEs gibt kein Bier auf Hawai&#8220;<\/p><\/blockquote>\n<p>Aach wanns koan Wembach-Heehner glaabt,<br \/>\nhier im Ort gibt\u2019s einen Klein-Tier-Park.<br \/>\nHinkel, G\u00e4nse, Schafe und Schweine<br \/>\nLeben gl\u00fccklich ohne Leine<br \/>\nMologisch, kerngesund<br \/>\nIm griene Heehner-Wiessegrund.<br \/>\nHinkel, G\u00e4nse und Sei sin ganz ok.<br \/>\nDie tobe sich aus in de alte Chaussee<br \/>\nDie Scheef vom Prattinger seum Walter<br \/>\nDie geh\u00f6rsche einfach net dem \u201eAlte\u201c<br \/>\nDie tun sich ohne Sch\u00e4fer schwer<br \/>\nFlitze Kreiz und flitze quer<br \/>\n3 mal die Woch zur Hauptstra\u00df naus<br \/>\nUn verursache nur Staus.<br \/>\nIm Garte von de D\u00f6rr\u00b4s Luise<br \/>\nFresse die Blume von der Wiese<br \/>\nDe Keller Karl wird a ganz sauer<br \/>\nDess Viehzeig verkratzt seu nei Gartemauer<br \/>\nKaum da\u00df er diese hat verputzt<br \/>\nWar die vom Prattinger-Hammel wieder verschmutzt.<br \/>\nAnton tut schnell zu Hilfe eile<br \/>\nUn die Sch\u00e4fchen zu vertreiwe.<br \/>\nEs hilft koo gut Wort, es hilft a koon Stock<br \/>\nDess wollische Vieh hot eufach koon Bock<br \/>\nHoam zu dappe in Krollmanns ihr`n Hof dess is ja wohl doof.<br \/>\nDie 3 Scheeftreiber von Hooh<br \/>\nW\u00e4hle de Notruf 1-1-zwooo<br \/>\nPolizei kimmt mit der Kelle<br \/>\nVom Thomas de Jacky tut ganz scharf belle<br \/>\nDes bissje Hund un mords-Polizei<br \/>\nTreiwe dess Vih in die Scheier neu.<br \/>\nDes freut den \u201ealte\u201c Sch\u00e4fchenhalter<br \/>\nDie Griene sage \u201eMein Gott Walter so billisch kimmste net devo,<br \/>\nder Eusatz kost e poor Euro\u201c<\/p>\n<p>Gl\u00f6ckner schenk eu, es muss e mol getrunke seu.<br \/>\nKaum zu glauben, aber wahr<br \/>\nTrotz Geldknapheit is er heut da.<br \/>\nWalter horsch an diesem Feiertage<br \/>\nWas ich Dir zu sagen habe.<\/p>\n<p>\u201eSchafe halte sinn doch Ferz<br \/>\nBring des Vieh zur\u00fcck zurn St\u00fcrz<br \/>\nErfreu dich an G\u00e4ns, Schweine und Hinkel<br \/>\nUn ganz besonders an deine Enkel.<br \/>\nDie brauche dich doch, besonders heit<br \/>\nHalt f\u00fcr jeden kerbgeld bereit<br \/>\nDu hast e gut Herz un e gro\u00df Portmonee<br \/>\nUnd feierst gern Kerb, was willste mee ?<\/p>\n<blockquote><p>&#8222;Die Musik spielt f\u00fcr Klein und Gro\u00df &#8211;<br \/>\nJetzt geht die Party richtig los&#8220;<\/p><\/blockquote>\n<p>Geldknappheit is iwwerall<br \/>\nA in de w\u00e4mb\u00e4cher-Neigass gibt\u2019s so en Fall.<br \/>\nDo lebt a Fraa, die wird knapp gehalte<br \/>\nDie hat a 2 kinner von ihr`m eigene Alte<br \/>\nAus Sparsamkeit un dess is net geloge<br \/>\nIs die mit ihrm Schorsch in e kleinere Wohnung gezoge.<\/p>\n<p>Christine und Schorsch sin einsame Spinner<br \/>\nLewe Jetzt im Haus bei ihre Kinner,<br \/>\ndess tut sich jetzt schon f\u00fcr beide lohne<br \/>\nsie nennt ihr Dasein: \u201eBetreutes Wohne\u201c<br \/>\nSie wei\u00df schon wie mer zu Eppes kimmt<br \/>\nUn sch\u00e4tzt sch\u00f6ne Dinge, die sie irgendwo find.<br \/>\nVor Woche lag auf ihrem Kamin<br \/>\ne Dame-Armband-Uhr, Marke: Fossil<br \/>\nDes Ding war sehr wertvoll un elegant<br \/>\nBlo\u00df viel zu eng, f\u00fcrs gelenk an de Hand.<br \/>\nSie fragt alle Lersche ob wer die vermi\u00dft<br \/>\nFragt a 1 Schwiegertochter ob es ihre Uhr ist<br \/>\nFragt die bucklisch Verwandschaft ob die Sie verga\u00dfen<br \/>\nals Sie den Geburtstagsbraten fra\u00dfen.<br \/>\nDoch werd die Christine die Funduhr net los<br \/>\nSie is ja net dumm un nutzt die Chance<br \/>\nBringt uhr zur Bandverl\u00e4ngerung<br \/>\nJetzt pa\u00dft sie um ihr Handgelenk rum.<br \/>\nSo eppes scheenes hat sie noch nie<br \/>\nTr\u00e4gt die Uhr jeden Tag ab 6 Uhr fr\u00fch<br \/>\nMacht mit der Uhr bei de Weibsleit die Schau<br \/>\nZeigt die a stolz dem Ge seiner Frau.<br \/>\nDie sagt sofort: ich wird glei verr\u00fcckt<br \/>\nWoher haust Du dieses edle St\u00fcck?<br \/>\nSeit woche krigg ich fast die Kr\u00e4nk<br \/>\nSuch in meune Tasche, in meune Schr\u00e4nk<br \/>\nDenk ich hab meu Uhr verlorn<br \/>\nDerweil h\u00e4ngt die bei dir am Arm<br \/>\nDu bist wohl deinem Motto treu:<br \/>\n\u201eWas deu is, is a immer meu<br \/>\nWann`s meu is ja dann is dess so dann geht\u2019s dich liebe Caro nix o.\u201c<\/p>\n<blockquote><p>&#8222;Gl\u00f6ckner schenk eu, es muss e mol getrunke seu&#8220;<\/p><\/blockquote>\n<p>Christines Gesicht legt sich freudig in Falte<br \/>\nSie meint die Uhr mu\u00df sie jetzt behalte<br \/>\nDie Uhr is wie Sie ein altes Fossil<br \/>\nMit der hot sie a besseres Zeitgef\u00fchl<br \/>\nUn au\u00dferdem is die f\u00fcr Caro zu weit<br \/>\nSo kimmt mer a zu was \u2013 ihr Leit.<\/p>\n<blockquote><p>Die Musik spielt wem sie sich traut: \u201eEs ist alles nur geklaut\u201c<\/p><\/blockquote>\n<p>So wie se sinn, so sinn se halt<br \/>\nDie Leit bei uns im Odenwald.<br \/>\nSportlich, lieb un tierisch nett<br \/>\nIwwer die ich jetzt was zu sage h\u00e4tt<br \/>\nDe Babba tut t\u00e4glich Fahrrad fahrn<br \/>\nWohnt mit de Mama zwische Keller`s und Spahn.<br \/>\nEr tritt in de Woch einige male<br \/>\nBerg uff un berg ab fest in die Pedale<br \/>\nGro\u00df-Bieweraa, Reinheim un driwwer naus<br \/>\nKennt sich seu Fahrrad richtig gut aus.<br \/>\nStark sin seu Muckys in seune Wade<br \/>\nAuf geht\u2019s zur Ferntour mit der Beate.<br \/>\nWeils frauchen so weite Strecke net schafft<br \/>\nhat mer 2 E-Bikes eugekafft.<br \/>\nEn H\u00e4nger dro, f\u00fcrs Hundeb\u00fcbche<br \/>\nDie Steidels hupe laut mim H\u00fcpche<br \/>\nAls sie Wembach-hahn verlasse<br \/>\nFahrn richtung Darmstadt nur Bundesstra\u00dfe.<br \/>\nPenny es Hundsche stellt Schw\u00e4nzje un Ohrn<br \/>\nSehr Komfortabel wird sie heit gefohrn.<br \/>\nNorbert singt und Penny bellt<br \/>\nSo hat sich der Hund es Paradies vorgestellt.<\/p>\n<p>Durch Darmstadt durch leefts wie geschmiert<br \/>\nRichtung grie\u00dfheim uff dere Streck is es passiert<br \/>\nDe Norbert, de Hund und seine Frau<br \/>\nVerursache fast ein l\u00e4ngere Stau.<br \/>\nAutofahrer hupe un tun de Vogel zeige<br \/>\nDoch dess juckt kein echte Steidel<br \/>\nKurz vor der Auffahrt zur A5<br \/>\nWird dess trio ausgebremmst<br \/>\nDe Mecedes-Fahrer Kreischt in seine Wut:<br \/>\n\u201eIch glaab ihr habt eu waasche Hut,<br \/>\nihr 3 seid doch von Wembach-Hahn<br \/>\nun wollt hier uff die Autobahn<br \/>\neiern Kobb, der is Kaputt,<br \/>\nseht zu da\u00df ihr sofot wende tut<br \/>\nfahrt schleunigst hoam in euern Ort<br \/>\nun verliert dodriwwer koo Wort.<br \/>\nIch hab`s trotzdemm spitz gekriegt<br \/>\nUnd find ihr 3 hat Riesengl\u00fcck.<br \/>\nUn heit an de Kerb, jeder Kans seje<br \/>\nBeate un Norbert is nix geschehe<br \/>\nEs Hersche eug tierlieb wollt auf seine Weise<br \/>\nSeim Hundsche die weite Welt mol zeige<br \/>\nDes war gor net n\u00f6tig de Hund bellt also<br \/>\n\u201eAm sch\u00f6nste is es in Wembach-Hooh.\u201c<\/p>\n<blockquote><p>Die Musik spielt f\u00fcrs Steidel-Trio: \u201eJa mir sann mim Radl do\u201c<\/p><\/blockquote>\n<p>Von weje junge Leit sinn faul<br \/>\nManch einer schaft, wie en Ackergaul<br \/>\nMu\u00df bloose wie`s Nilpferd un schwitze wie Sau<br \/>\nAnnern sin Nix-Nutz un mache oft blau<br \/>\nBei de Firma Rexroth schafft en Schmied<br \/>\nSuper fleisig, nie krank, nie mied,<br \/>\nOpa un Oma waren ortsbekannt<br \/>\nHatte e wirtschaft a \u201eSchlosser\u201c genannt<br \/>\nMer denkt gern zur\u00fcck an diese Zeit<br \/>\nDie \u201eSchlosser\u201c war`n a ganz strebsame Leit<br \/>\nGeerbt hat de Enkel des \u201eSchlosser-Schmied-Gen\u201c<br \/>\nHeit is er fer alle de Zimmerm\u00e4n<br \/>\n\u201eSchmied\u201c h\u00f6rt er net gern, ich kanns net verst\u00e4hn<br \/>\nAlso, ihr Leit &#8211; beim Rexroth schaft de Zimmerm\u00e4n<br \/>\nUn schafft der Arbeitnehmer brav<br \/>\nEr auch Urlaub nehmen darf.<\/p>\n<p>Manuel er hat 1 Woch<br \/>\nSeu Auto mu\u00dft zur Werkstatt noch<br \/>\nDe T\u00dcV war wieder dringend n\u00f6tig,<br \/>\ner hats am Freitag noch erledigt.<br \/>\nMontag\u00b4s denkt de Zimmerm\u00e4n<br \/>\nEr k\u00f6nnt per Fu\u00df zum Rexroth gehn<br \/>\nFrischluft tut gut un is gesund<br \/>\nEr leeft a Dienstags fast e Stund<br \/>\nIn die Firma iwwern Buckel<br \/>\nKollege tun schon komisch gugge<br \/>\nMittwochs dappt da a in\u00b4s Werk<br \/>\nMacht seun Dienst, wie sich\u00b4s geh\u00f6rt.<br \/>\nKurz vor Feierabend dann<br \/>\nSpricht ihn der Kollege an:<br \/>\nZimmerm\u00e4n, komm sag es nur<br \/>\nWas machst Du in der Firma hier?<br \/>\nSeit 3 Tage hast Du Urlaubszeit<br \/>\nHast du zoff mit deune Leit?<br \/>\nHawe die dich, samt Zudeck und Kisse<br \/>\nAus de Wohnung raus geschmisse ?<br \/>\nIch sag\u00b4s Eich von der Kerweb\u00fchn<br \/>\nDer Zimmermann hat keinen Spleen<br \/>\nEin Zimmermann der gerne schafft<br \/>\nHat Ideen und Schaffenskraft<br \/>\nDu hast soviel potenzial<br \/>\nK\u00f6nnst er\u00f6ffne ein Lokal<br \/>\nMu\u00dft nur Eppes investiern<br \/>\nSei mutig un tus ausprobiern<br \/>\nDie \u201eKleine Kneipe\u201c w\u00e4rs, was mir brauche<br \/>\nZum schw\u00e4tze, kartespiele un zum trinke<br \/>\nEs w\u00e4r de gemoo ihrn letzte Wille<br \/>\nEn Traum det sich f\u00fcr uns erf\u00fclle<br \/>\nWembach-Hooh f\u00e4nds super sch\u00f6n<br \/>\nK\u00f6nnt mer owends wirrer zum \u201eSchlosser\u201c gehen.<br \/>\nDie Musik spielt 3 mal hinter einnander<br \/>\n\u201eDie kleine Kneipe\u201c von Peter Alexander<br \/>\nFast bin ich atemlos \u2013 ihr leit<br \/>\nEs geht gejes End \u2013 es is a Zeit<br \/>\nIch les f\u00fcr Eich noch die Kerwe-Splitter<br \/>\nF\u00fcr manchen sin die leider bitter.<br \/>\nAwwer bild euch gor nix do druff eu<br \/>\nEs k\u00f6nnt a noch viel schlimmer seu.<\/p>\n<p>Leeft mer im H\u00f6hlche links hinne naus<br \/>\nWohnt net de rockische Peter Kraus<br \/>\nDo wohnt der Fischer Uwe Schulze<br \/>\nWann der was versichtert, schw\u00e4tzt der S\u00fclze<br \/>\nWann der net schw\u00e4tzt sucht der an seim Teich l\u00f6scher<br \/>\nWo es Wasser entweicht.<br \/>\nEr siedelt die Fische um, in die Tonne<br \/>\nSo hat dess Elend dann begonne.<br \/>\nUwe pumpt Teich, denkt er tut spinne<br \/>\nIn de Folie is koo Loch zu finne.<br \/>\nPumpe pumpt a koo Wasser ins Beke<br \/>\nDazwische stutzt er noch die Buchsbaumheke<br \/>\nUwe is dappisch, dess derft ihr all wisse,<br \/>\nhat beim Hecke stutze, Pump umgeschmisse<br \/>\nDe Teisch bleibt ller, un wie mer denkt<br \/>\nWar\u00b4s Wasser im Erdreich versenkt.<br \/>\nAach, wann es ganze Kerbvolk kichert,<br \/>\ndagegen war er net versichert<br \/>\nund eins wei\u00df ich ganz genau<br \/>\nUschi, w\u00e4r dess net passiert,<br \/>\ndie merkt noch was, die Frau!<\/p>\n<blockquote><p>&#8222;Gl\u00f6ckner schenk eu, es muss e mol getrunke seu&#8220;<\/p><\/blockquote>\n<p>Ja, wann wir schauen, schauen, schauen<br \/>\n\u00dcbern Zaun, Zaun, Zaun<br \/>\nIn das sch\u00f6ne land Tirol<br \/>\nDort hat sich e Wemb\u00e4cher Fraa erholt.<br \/>\nIn \u201eServus Tirol\u201c der Tages Presse<br \/>\nWar \u00fcber Sie die meldung zu lese.<br \/>\nSch\u00f6ne Maid aus dem Odenwald<br \/>\nNach Apres-Ski mit Promillegehalt<br \/>\nIm 5 Sterne Hotel in Tiefgarasche<br \/>\nHat sich entleert beim Platsch-Regen-Rappele.<br \/>\nMan is ihr auf die Spur gekommen<br \/>\n-weil- kamera hat\u00b4s aufgenommen.<br \/>\nWer\u00b4s is, verrate ich Euch net<br \/>\nam 1. Mai nach em SKG-Grillfest hat sie a ihr Fett<br \/>\nwackelt heim mit 2 annern Dame<br \/>\nvon dene sag ich a kein Name.<br \/>\nUff em Wieseweg newer de Wembach-Terrasse<br \/>\nEntl\u00e4d die \u201eTirolerin\u201c wieder die Blase<br \/>\n\u201eB\u00e4cker\u00b4s\u201c Monika hat spioniert<br \/>\nUn heimlich dess Unwetter fotografiert<br \/>\nUn wer dess is, dess Rappeltier<br \/>\nErfahrt ihr von Moni und net von mir.<br \/>\nAuch 2012 beim Kerbzug war\u00b4s Bl\u00e4seje voll<br \/>\n\u201eWasser-marsch\u201c hinner Prattingers Roll,<br \/>\nHeit hab ich fer die Maid e WC installiert<br \/>\nUn net weit von hier deponiert<br \/>\nDes Clo is Tabu fer alle Heehner<br \/>\nSteht in de alt Chausee hinner de Glas-Container.<\/p>\n<p>Atemlos \u2013 lustisch is so e Redd,<br \/>\nach, wann sie se blo\u00df schon geschriewe h\u00e4tt.<br \/>\nEs f\u00e4llt ihr so schwer, komisch zu denke<br \/>\nDen seit April ist sie in Rente<br \/>\nManchmol, do leiht die Tage im Koma<br \/>\nAu\u00dferdem werd sie zum 2 mol Oma<br \/>\nDo hat sie kaum Zeit was Gescheites zu schreiwe<br \/>\nDeshalb l\u00e4\u00dft sies f\u00fcr n\u00e4chstes Jahr bleiwe.<br \/>\nSie kann ihr geleier selbst gar net mehr h\u00f6rn,<br \/>\nun tut ans Kerbvolk appeliern,<br \/>\nWer gern uff de Kerb is, un Heimat verbunden<br \/>\nWer Spa\u00df hat am Lewe, nicht nur f\u00fcr Stunden<br \/>\nWer gern schreibt und gern schw\u00e4tzt<br \/>\nHat f\u00fcr Wembach und Hahn es richtige Herz.<br \/>\nDem sei a mancher Schwindel verziehe<br \/>\nDer in so ner Redd tut lieje<br \/>\nHabt koo Angst un zeigt Courasche<br \/>\nSchw\u00e4tzer un Dichter melde ich beim Bumbedeuls Frasche<br \/>\nSonst habt ihr die 2015 wirrer an de Backe<br \/>\nUn dess is Mist.<\/p>\n<blockquote><p>Die Musik spielt laut und Klar: &#8222;Du hast uns 1000x belogen&#8220;, Fer die Fraa.<\/p><\/blockquote>\n<p>Jetzt sag ich\u00b4s gern, weils uns gef\u00e4llt<br \/>\nIhr seid bestes Publikum von Welt<br \/>\nOhne Eich und die spendable Sponsorn<br \/>\nW\u00e4r die Wembach-Heehner-Kerb verlorn.<br \/>\nIhr habt kein Ticket zum Hessentag gebucht<br \/>\nIhr feiert mit uns dess findet auch die Feierwehr gut.<br \/>\nUnser dank des hat e Motto:<br \/>\nIhr seid unser 6 Richtige im Lotto.<br \/>\nIhr seid an Frohsinn net zu toppe<br \/>\nHebt die gl\u00e4ser un trinkt noch en Schoppe.<br \/>\nMein Dank geht an alle Gymnastik-Dame<br \/>\nDie feiern ihr Kerb in besonderem Rahme<br \/>\nSchon 35 Johr bei de SKG- jede Woch<br \/>\nTun die hippe- wo find mer dess noch ?<br \/>\nDie sin eug gelenkisch, kaum oni geht krumm<br \/>\nGratulation, zum 35 j\u00e4hrige Jub\u00e4lium.<br \/>\nBleib wie ihr seid, lautlos froh<br \/>\nNoch leben die Gymnastasia\u00b4s der SKG Wembach-Hooh.<\/p>\n<blockquote><p>&#8222;Gl\u00f6ckner schenk eu, es muss e mol getrunke seu&#8220;<\/p><\/blockquote>\n<p>Ein herzliches Dank an unsern Herr Pfarrer,<br \/>\neine sch\u00f6ne Kerb-Predigt harrer.<br \/>\nEin Morgengru\u00df am Kerb-Sonntag, ihr Leit<br \/>\nIs die Botschaft Gottes, die uns erfreut.<\/p>\n<p>Unser Herr Pfarrer, der is schon de Hit<br \/>\nWas jetzt kimmt, ihr Leit, glaabt mer fast nit<br \/>\nHerr Lubotta hat die letzte Woche<br \/>\nUff em Rohrb\u00e4cher Marktplatz Stellung bezoge,<br \/>\nhat uffger\u00e4umt orrer Eppes sortiert,<br \/>\ndabei de Terminkalender uff de Mauer deponiert<br \/>\neinfach abgelegt am Platz<br \/>\ngeht hoom un schmust die Familiekatz,<br \/>\ngeht tags darauf seiner Fraa uff de Sender<br \/>\ner sucht verzweifelt sein Terminkalender.<br \/>\nTerminplaner weg \u2013 er bleibt verschwunden<br \/>\nTagelang wird er nirgends gefunden.<br \/>\nAm 5. Tag meld sich ziemlich spat<br \/>\nDas Landes-Kirchen-Dekanat.<br \/>\nHerr Pfarrer Lubotta, wir findens net lustisch<br \/>\nIhr Terminplaner lag im K56<br \/>\nFuhr X mal am Tag am Pfarrhaus vorbei<br \/>\nSie k\u00f6nne den abhole, moje Mittag um 3.<\/p>\n<p>In so em Planer stehn en haufe Termine<br \/>\nWann mu\u00df mer wohie, wem mu\u00df mer diene?<br \/>\nDe Kirchengemeinde, de Feierwehr-Kerb<br \/>\nJetzt fehlt de Kalenner \u2013 dess is herb.<br \/>\nWie der in de Bus kam, is net zu verstehn,<br \/>\nich frag Eich: Hat irgendwer, Eppes gesehn?<br \/>\nDenn ohne Kalenner, ich tu net iwwertreiwe<br \/>\nVergi\u00dft unser Pfarrer es Gru\u00dfwort zu schreiwe.<br \/>\nIm letzte moment hat er`s noch gerafft<br \/>\nE poor Gru\u00dfworte gefunne, fer`s kerbzeitungs-Blatt,<br \/>\nde Kalenner geholt, beim Dekanat<br \/>\ndamit er heit fr\u00fch was zu predige hat.<\/p>\n<p>So is er, dynamisch, witzisch, unstrokturiert,<br \/>\njung un Chaotisch, stets motiviert,<br \/>\nstets uff em Sprung un gut informiert<br \/>\nweltlich, Christlich, liebenswert.<br \/>\nMit so viel Talent, w\u00e4r zu \u00fcberlege<br \/>\nUnser Ort kulturell kom\u00f6diglich zu belewe<br \/>\nWie w\u00e4r`s Herr Lubotta mit \u201ePfarrer Cabaret\u201c<br \/>\nWembach-Hooh w\u00e4r begeistert und f\u00e4nd dess schee.<\/p>\n<p>So wie er is, pa\u00dft er in die Welt<br \/>\nUn ganz besonders in\u00b4s Kerwezelt.<br \/>\nIn diesem Sinne, mache sie weiter<br \/>\nBleiwe se unserer Pfarrer, stets kerbisch und heiter.<\/p>\n<p>Zum Abschluss w\u00fcnsch ich mit meune Leit<br \/>\nAlle Kerbg\u00e4st eine gute Zeit,<br \/>\nde Hochzeiter alles Gl\u00fcck der Welt<br \/>\nda\u00df Eure Ehe e Lewe lang h\u00e4lt<br \/>\nmacht kloone Kinner, sch\u00f6ne und kluge<br \/>\ndenn mir tun st\u00e4ndig Kerbjugend suche<br \/>\nmeu Gl\u00fccksgef\u00fchl des l\u00e4\u00dft mich fliesche<br \/>\nich kann es Kerb-Bier f\u00f6rmlich riesche<br \/>\nmir gehen jetzt ab von dere B\u00fchn<br \/>\nAtemlos \u2013 mit viel Gef\u00fchl<br \/>\nAtemlos &#8211; gibt\u2019s jetzt Musik<br \/>\nDie Redd is aus \u2013 was e Glick!<\/p>\n<hr>\n<p><em>Kerwevadder Christoph Keil<\/em><\/p>\n<p>&nbsp;<\/p>\n","protected":false},"excerpt":{"rendered":"<p>&nbsp;Atemlos durch Wembach-Hoo Atemlos &#8211; einfach froh die Wembach-Heehner Kerb is do. Atemlos \u2013 dess war gestern un unser Kerb geht bis Silvester. Atemlos \u2013 durch jede Nacht sp\u00fcrt was die Kerb mim Kerbvolk macht, in Eierm Blut pulsiert die Lust. Vergessen ist der Alltags-Frust. Hier an de Hall, im Kerwezelt ist der sch\u00f6nste Platz [&hellip;]<\/p>\n","protected":false},"author":5,"featured_media":0,"parent":0,"menu_order":0,"comment_status":"closed","ping_status":"closed","template":"template-nosidebar.php","meta":{"footnotes":""},"class_list":["post-26","page","type-page","status-publish","hentry","post-preview"],"_links":{"self":[{"href":"https:\/\/www.kerb-wembach-hahn.de\/index.php?rest_route=\/wp\/v2\/pages\/26","targetHints":{"allow":["GET"]}}],"collection":[{"href":"https:\/\/www.kerb-wembach-hahn.de\/index.php?rest_route=\/wp\/v2\/pages"}],"about":[{"href":"https:\/\/www.kerb-wembach-hahn.de\/index.php?rest_route=\/wp\/v2\/types\/page"}],"author":[{"embeddable":true,"href":"https:\/\/www.kerb-wembach-hahn.de\/index.php?rest_route=\/wp\/v2\/users\/5"}],"replies":[{"embeddable":true,"href":"https:\/\/www.kerb-wembach-hahn.de\/index.php?rest_route=%2Fwp%2Fv2%2Fcomments&post=26"}],"version-history":[{"count":22,"href":"https:\/\/www.kerb-wembach-hahn.de\/index.php?rest_route=\/wp\/v2\/pages\/26\/revisions"}],"predecessor-version":[{"id":1721,"href":"https:\/\/www.kerb-wembach-hahn.de\/index.php?rest_route=\/wp\/v2\/pages\/26\/revisions\/1721"}],"wp:attachment":[{"href":"https:\/\/www.kerb-wembach-hahn.de\/index.php?rest_route=%2Fwp%2Fv2%2Fmedia&parent=26"}],"curies":[{"name":"wp","href":"https:\/\/api.w.org\/{rel}","templated":true}]}}