{"id":73,"date":"2014-08-16T23:04:48","date_gmt":"2014-08-16T21:04:48","guid":{"rendered":"http:\/\/www.czwalina-web.de\/wordpress\/?page_id=73"},"modified":"2025-06-03T22:19:20","modified_gmt":"2025-06-03T20:19:20","slug":"wer-sind-wir","status":"publish","type":"page","link":"https:\/\/www.kerb-wembach-hahn.de\/?page_id=73","title":{"rendered":"Wer sind wir?"},"content":{"rendered":"\n<h2 class=\"wp-block-heading has-text-align-center has-medium-gray-color has-text-color has-link-color wp-elements-c9e5848df6950d41603a8b5c1d426865\"><strong>Das F\u00fchrungstrio<\/strong><\/h2>\n\n\n<div class=\"wp-block-image\">\n<figure class=\"aligncenter size-large is-resized\"><a href=\"https:\/\/www.kerb-wembach-hahn.de\/wp-content\/uploads\/2025\/06\/IMG_2701-scaled.jpg\"><img loading=\"lazy\" decoding=\"async\" width=\"683\" height=\"1024\" src=\"https:\/\/www.kerb-wembach-hahn.de\/wp-content\/uploads\/2025\/06\/IMG_2701-683x1024.jpg\" alt=\"\" class=\"wp-image-2639\" style=\"width:360px;height:auto\" srcset=\"https:\/\/www.kerb-wembach-hahn.de\/wp-content\/uploads\/2025\/06\/IMG_2701-683x1024.jpg 683w, https:\/\/www.kerb-wembach-hahn.de\/wp-content\/uploads\/2025\/06\/IMG_2701-200x300.jpg 200w, https:\/\/www.kerb-wembach-hahn.de\/wp-content\/uploads\/2025\/06\/IMG_2701-768x1152.jpg 768w, https:\/\/www.kerb-wembach-hahn.de\/wp-content\/uploads\/2025\/06\/IMG_2701-1024x1536.jpg 1024w, https:\/\/www.kerb-wembach-hahn.de\/wp-content\/uploads\/2025\/06\/IMG_2701-1365x2048.jpg 1365w, https:\/\/www.kerb-wembach-hahn.de\/wp-content\/uploads\/2025\/06\/IMG_2701-676x1014.jpg 676w, https:\/\/www.kerb-wembach-hahn.de\/wp-content\/uploads\/2025\/06\/IMG_2701-scaled.jpg 1707w\" sizes=\"auto, (max-width: 683px) 100vw, 683px\" \/><\/a><\/figure>\n<\/div>\n\n\n<p class=\"has-text-align-center\"><span style=\"color: #808080;\"><strong><span style=\"color: #00ccff;\"><span style=\"color: #808080;\"> <span style=\"color: #00ccff;\"><b>Modder<\/b>\u00a0<\/span> Lotta Bermond<\/span><\/span><\/strong><span style=\"color: #808080;\"><span style=\"color: #808080;\"><span style=\"color: #808080;\"><br><strong><span style=\"color: #00ccff;\"><span style=\"color: #808080;\"><span style=\"color: #00ccff;\"><b>Vadder<\/b>\u00a0<\/span><\/span><\/span><\/strong><\/span><strong><span style=\"color: #00ccff;\"><span style=\"color: #808080;\">Marlon Sch\u00fctz<\/span><\/span><\/strong><\/span><br><\/span><strong><span style=\"color: #00ccff;\">Gl\u00f6ckner<\/span><\/strong> <strong><span style=\"color: #00ccff;\"><span style=\"color: #808080;\">Tom Grimm<\/span><\/span><\/strong><\/span><\/p>\n\n\n\n<p class=\"has-text-align-center\"><span style=\"color: #00ccff;\"><b><span style=\"color: #808080;\"><br><\/span><\/b><\/span><\/p>\n\n\n\n<h2 class=\"wp-block-heading has-text-align-center has-medium-gray-color has-text-color has-link-color wp-elements-40fa5db96b346ab15b2ebe9e59cfc91e\"><strong>Das sind wir!<\/strong><\/h2>\n\n\n\n<figure class=\"wp-block-image size-large\"><img loading=\"lazy\" decoding=\"async\" width=\"1024\" height=\"622\" src=\"https:\/\/www.kerb-wembach-hahn.de\/wp-content\/uploads\/2025\/06\/gruppenbild_2025-1024x622.jpg\" alt=\"\" class=\"wp-image-2638\" srcset=\"https:\/\/www.kerb-wembach-hahn.de\/wp-content\/uploads\/2025\/06\/gruppenbild_2025-1024x622.jpg 1024w, https:\/\/www.kerb-wembach-hahn.de\/wp-content\/uploads\/2025\/06\/gruppenbild_2025-300x182.jpg 300w, https:\/\/www.kerb-wembach-hahn.de\/wp-content\/uploads\/2025\/06\/gruppenbild_2025-768x467.jpg 768w, https:\/\/www.kerb-wembach-hahn.de\/wp-content\/uploads\/2025\/06\/gruppenbild_2025-1536x934.jpg 1536w, https:\/\/www.kerb-wembach-hahn.de\/wp-content\/uploads\/2025\/06\/gruppenbild_2025-2048x1245.jpg 2048w, https:\/\/www.kerb-wembach-hahn.de\/wp-content\/uploads\/2025\/06\/gruppenbild_2025-676x411.jpg 676w\" sizes=\"auto, (max-width: 1024px) 100vw, 1024px\" \/><\/figure>\n\n\n\n<p class=\"has-text-align-center\"><strong><span style=\"color: #00ccff;\">&nbsp;Hinten v.l.n.r.: <\/span><\/strong><span style=\"color: #999999;\">Sebastian Bischof, Lisa Schmidt, Robin Neubert, Leonie Steinbrecher, Levana Lindenmann, Jeremy Zeichner, Liv D\u00f6rr, Lisa Eichorn, Sascha Schwebel, Adrian Loho, Rose-Lee Sch\u00fctz, Zeo Anton, Valentin Wilken, Sophia Edelmann, Sabrina Schnellb\u00e4cher, Angelina Romano, Peter Keil, Dela Vetter, Paul D\u00f6rr, Finn Schmitt, Kai Schwebel, Lucas Eichorn, Ben Grimm, Jonas Drobek, Emma Vetter, Niels Loh, Sebastian, Nele Schmidt, Jacob Frank<\/span><\/p>\n\n\n\n<p class=\"has-text-align-center\"><span style=\"color: #999999;\"><strong style=\"color: #999999;\"><span style=\"color: #00ccff;\">Vorne v.l.n.r.: <\/span><\/strong>Marlon Sch\u00fctz, Lotta Bermond, Tom Grimm<br><\/span><\/p>\n\n\n\n<p class=\"has-text-align-center\"><span style=\"color: #999999;\"><strong><span style=\"color: #00ccff;\">Es fehlt:<\/span><\/strong> Nico Bertaloth<\/span><\/p>\n","protected":false},"excerpt":{"rendered":"<p>Das F\u00fchrungstrio Modder\u00a0 Lotta BermondVadder\u00a0Marlon Sch\u00fctzGl\u00f6ckner Tom Grimm Das sind wir! &nbsp;Hinten v.l.n.r.: Sebastian Bischof, Lisa Schmidt, Robin Neubert, Leonie Steinbrecher, Levana Lindenmann, Jeremy Zeichner, Liv D\u00f6rr, Lisa Eichorn, Sascha Schwebel, Adrian Loho, Rose-Lee Sch\u00fctz, Zeo Anton, Valentin Wilken, Sophia Edelmann, Sabrina Schnellb\u00e4cher, Angelina Romano, Peter Keil, Dela Vetter, Paul D\u00f6rr, Finn Schmitt, Kai Schwebel, [&hellip;]<\/p>\n","protected":false},"author":5,"featured_media":0,"parent":0,"menu_order":0,"comment_status":"closed","ping_status":"closed","template":"template-nosidebar.php","meta":{"footnotes":""},"class_list":["post-73","page","type-page","status-publish","hentry","post-preview"],"_links":{"self":[{"href":"https:\/\/www.kerb-wembach-hahn.de\/index.php?rest_route=\/wp\/v2\/pages\/73","targetHints":{"allow":["GET"]}}],"collection":[{"href":"https:\/\/www.kerb-wembach-hahn.de\/index.php?rest_route=\/wp\/v2\/pages"}],"about":[{"href":"https:\/\/www.kerb-wembach-hahn.de\/index.php?rest_route=\/wp\/v2\/types\/page"}],"author":[{"embeddable":true,"href":"https:\/\/www.kerb-wembach-hahn.de\/index.php?rest_route=\/wp\/v2\/users\/5"}],"replies":[{"embeddable":true,"href":"https:\/\/www.kerb-wembach-hahn.de\/index.php?rest_route=%2Fwp%2Fv2%2Fcomments&post=73"}],"version-history":[{"count":81,"href":"https:\/\/www.kerb-wembach-hahn.de\/index.php?rest_route=\/wp\/v2\/pages\/73\/revisions"}],"predecessor-version":[{"id":2650,"href":"https:\/\/www.kerb-wembach-hahn.de\/index.php?rest_route=\/wp\/v2\/pages\/73\/revisions\/2650"}],"wp:attachment":[{"href":"https:\/\/www.kerb-wembach-hahn.de\/index.php?rest_route=%2Fwp%2Fv2%2Fmedia&parent=73"}],"curies":[{"name":"wp","href":"https:\/\/api.w.org\/{rel}","templated":true}]}}